{"id":2334,"date":"2023-11-06T14:05:59","date_gmt":"2023-11-06T13:05:59","guid":{"rendered":"https:\/\/biotech-energy.com\/?page_id=2334"},"modified":"2023-11-08T16:45:09","modified_gmt":"2023-11-08T15:45:09","slug":"duengemittel","status":"publish","type":"page","link":"https:\/\/biotech-energy.com\/de\/duengemittel\/","title":{"rendered":"D\u00fcngemittel"},"content":{"rendered":"\t\t<div data-elementor-type=\"wp-page\" data-elementor-id=\"2334\" class=\"elementor elementor-2334\">\n\t\t\t\t\t\t\t\t\t<section class=\"elementor-section elementor-top-section elementor-element elementor-element-f2827fe elementor-section-height-min-height elementor-section-boxed elementor-section-height-default elementor-section-items-middle wpr-particle-no wpr-jarallax-no wpr-parallax-no wpr-sticky-section-no\" data-id=\"f2827fe\" data-element_type=\"section\" data-settings=\"{&quot;background_background&quot;:&quot;classic&quot;}\">\n\t\t\t\t\t\t\t<div class=\"elementor-background-overlay\"><\/div>\n\t\t\t\t\t\t\t<div class=\"elementor-container elementor-column-gap-default\">\n\t\t\t\t\t<div class=\"elementor-column elementor-col-100 elementor-top-column elementor-element elementor-element-797d332\" data-id=\"797d332\" data-element_type=\"column\">\n\t\t\t<div class=\"elementor-widget-wrap elementor-element-populated\">\n\t\t\t\t\t\t\t\t<div class=\"elementor-element elementor-element-a22d1d4 elementor-invisible elementor-widget elementor-widget-heading\" data-id=\"a22d1d4\" data-element_type=\"widget\" data-settings=\"{&quot;_animation&quot;:&quot;fadeInDown&quot;}\" data-widget_type=\"heading.default\">\n\t\t\t\t<div class=\"elementor-widget-container\">\n\t\t\t<style>\/*! elementor - v3.17.0 - 01-11-2023 *\/\n.elementor-heading-title{padding:0;margin:0;line-height:1}.elementor-widget-heading .elementor-heading-title[class*=elementor-size-]>a{color:inherit;font-size:inherit;line-height:inherit}.elementor-widget-heading .elementor-heading-title.elementor-size-small{font-size:15px}.elementor-widget-heading .elementor-heading-title.elementor-size-medium{font-size:19px}.elementor-widget-heading .elementor-heading-title.elementor-size-large{font-size:29px}.elementor-widget-heading .elementor-heading-title.elementor-size-xl{font-size:39px}.elementor-widget-heading .elementor-heading-title.elementor-size-xxl{font-size:59px}<\/style><h1 class=\"elementor-heading-title elementor-size-default\">D\u00fcngemittel<\/h1>\t\t<\/div>\n\t\t\t\t<\/div>\n\t\t\t\t\t<\/div>\n\t\t<\/div>\n\t\t\t\t\t\t\t<\/div>\n\t\t<\/section>\n\t\t\t\t<section class=\"elementor-section elementor-top-section elementor-element elementor-element-cd1e87a elementor-section-boxed elementor-section-height-default elementor-section-height-default wpr-particle-no wpr-jarallax-no wpr-parallax-no wpr-sticky-section-no elementor-invisible\" data-id=\"cd1e87a\" data-element_type=\"section\" data-settings=\"{&quot;animation&quot;:&quot;zoomIn&quot;}\">\n\t\t\t\t\t\t<div class=\"elementor-container elementor-column-gap-default\">\n\t\t\t\t\t<div class=\"elementor-column elementor-col-100 elementor-top-column elementor-element elementor-element-20414f6 animated-slow elementor-invisible\" data-id=\"20414f6\" data-element_type=\"column\" data-settings=\"{&quot;background_background&quot;:&quot;classic&quot;,&quot;animation&quot;:&quot;fadeIn&quot;}\">\n\t\t\t<div class=\"elementor-widget-wrap elementor-element-populated\">\n\t\t\t\t\t\t\t\t<section class=\"elementor-section elementor-inner-section elementor-element elementor-element-8b4517c elementor-section-boxed elementor-section-height-default elementor-section-height-default wpr-particle-no wpr-jarallax-no wpr-parallax-no wpr-sticky-section-no\" data-id=\"8b4517c\" data-element_type=\"section\">\n\t\t\t\t\t\t<div class=\"elementor-container elementor-column-gap-default\">\n\t\t\t\t\t<div class=\"elementor-column elementor-col-50 elementor-inner-column elementor-element elementor-element-c0b163d\" data-id=\"c0b163d\" data-element_type=\"column\">\n\t\t\t<div class=\"elementor-widget-wrap elementor-element-populated\">\n\t\t\t\t\t\t\t\t<div class=\"elementor-element elementor-element-ccd11ba elementor-widget elementor-widget-heading\" data-id=\"ccd11ba\" data-element_type=\"widget\" data-widget_type=\"heading.default\">\n\t\t\t\t<div class=\"elementor-widget-container\">\n\t\t\t<h2 class=\"elementor-heading-title elementor-size-default\">F\u00fcr gesunde Pflanzen<\/h2>\t\t<\/div>\n\t\t\t\t<\/div>\n\t\t\t\t<div class=\"elementor-element elementor-element-1db13d2 elementor-widget elementor-widget-text-editor\" data-id=\"1db13d2\" data-element_type=\"widget\" data-widget_type=\"text-editor.default\">\n\t\t\t\t<div class=\"elementor-widget-container\">\n\t\t\t<style>\/*! elementor - v3.17.0 - 01-11-2023 *\/\n.elementor-widget-text-editor.elementor-drop-cap-view-stacked .elementor-drop-cap{background-color:#69727d;color:#fff}.elementor-widget-text-editor.elementor-drop-cap-view-framed .elementor-drop-cap{color:#69727d;border:3px solid;background-color:transparent}.elementor-widget-text-editor:not(.elementor-drop-cap-view-default) .elementor-drop-cap{margin-top:8px}.elementor-widget-text-editor:not(.elementor-drop-cap-view-default) .elementor-drop-cap-letter{width:1em;height:1em}.elementor-widget-text-editor .elementor-drop-cap{float:left;text-align:center;line-height:1;font-size:50px}.elementor-widget-text-editor .elementor-drop-cap-letter{display:inline-block}<\/style>\t\t\t\t<p>Mineralischer D\u00fcnger aus G\u00e4rresten.<\/p>\t\t\t\t\t\t<\/div>\n\t\t\t\t<\/div>\n\t\t\t\t\t<\/div>\n\t\t<\/div>\n\t\t\t\t<div class=\"elementor-column elementor-col-50 elementor-inner-column elementor-element elementor-element-efaefd6\" data-id=\"efaefd6\" data-element_type=\"column\">\n\t\t\t<div class=\"elementor-widget-wrap elementor-element-populated\">\n\t\t\t\t\t\t\t\t<div class=\"elementor-element elementor-element-dffeff6 elementor-view-stacked elementor-shape-square elementor-position-left elementor-vertical-align-middle elementor-mobile-position-left elementor-widget elementor-widget-icon-box\" data-id=\"dffeff6\" data-element_type=\"widget\" data-widget_type=\"icon-box.default\">\n\t\t\t\t<div class=\"elementor-widget-container\">\n\t\t\t<link rel=\"stylesheet\" href=\"https:\/\/biotech-energy.com\/wp-content\/uploads\/elementor\/css\/custom-widget-icon-box.min.css?ver=1705960451\">\t\t<div class=\"elementor-icon-box-wrapper\">\n\t\t\t\t\t\t<div class=\"elementor-icon-box-icon\">\n\t\t\t\t<span  class=\"elementor-icon elementor-animation-\">\n\t\t\t\t<i aria-hidden=\"true\" class=\"fas fa-recycle\"><\/i>\t\t\t\t<\/span>\n\t\t\t<\/div>\n\t\t\t\t\t\t<div class=\"elementor-icon-box-content\">\n\t\t\t\t<h3 class=\"elementor-icon-box-title\">\n\t\t\t\t\t<span  >\n\t\t\t\t\t\tH\u00f6chste Qualit\u00e4t\t\t\t\t\t<\/span>\n\t\t\t\t<\/h3>\n\t\t\t\t\t\t\t<\/div>\n\t\t<\/div>\n\t\t\t\t<\/div>\n\t\t\t\t<\/div>\n\t\t\t\t<div class=\"elementor-element elementor-element-4caa11c elementor-view-stacked elementor-shape-square elementor-position-left elementor-vertical-align-middle elementor-mobile-position-left elementor-widget elementor-widget-icon-box\" data-id=\"4caa11c\" data-element_type=\"widget\" data-widget_type=\"icon-box.default\">\n\t\t\t\t<div class=\"elementor-widget-container\">\n\t\t\t\t\t<div class=\"elementor-icon-box-wrapper\">\n\t\t\t\t\t\t<div class=\"elementor-icon-box-icon\">\n\t\t\t\t<span  class=\"elementor-icon elementor-animation-\">\n\t\t\t\t<i aria-hidden=\"true\" class=\"fas fa-leaf\"><\/i>\t\t\t\t<\/span>\n\t\t\t<\/div>\n\t\t\t\t\t\t<div class=\"elementor-icon-box-content\">\n\t\t\t\t<h3 class=\"elementor-icon-box-title\">\n\t\t\t\t\t<span  >\n\t\t\t\t\t\tRessourcenschonende Produktion\t\t\t\t\t<\/span>\n\t\t\t\t<\/h3>\n\t\t\t\t\t\t\t<\/div>\n\t\t<\/div>\n\t\t\t\t<\/div>\n\t\t\t\t<\/div>\n\t\t\t\t\t<\/div>\n\t\t<\/div>\n\t\t\t\t\t\t\t<\/div>\n\t\t<\/section>\n\t\t\t\t\t<\/div>\n\t\t<\/div>\n\t\t\t\t\t\t\t<\/div>\n\t\t<\/section>\n\t\t<div class=\"elementor-element elementor-element-6f2690c e-flex e-con-boxed wpr-particle-no wpr-jarallax-no wpr-parallax-no wpr-sticky-section-no e-con e-parent\" data-id=\"6f2690c\" data-element_type=\"container\" data-settings=\"{&quot;content_width&quot;:&quot;boxed&quot;}\" data-core-v316-plus=\"true\">\n\t\t\t\t\t<div class=\"e-con-inner\">\n\t\t<div class=\"elementor-element elementor-element-1ec03a6 e-con-full e-flex wpr-particle-no wpr-jarallax-no wpr-parallax-no wpr-sticky-section-no e-con e-child\" data-id=\"1ec03a6\" data-element_type=\"container\" data-settings=\"{&quot;content_width&quot;:&quot;full&quot;}\">\n\t\t\t\t<div class=\"elementor-element elementor-element-423504c elementor-widget elementor-widget-heading\" data-id=\"423504c\" data-element_type=\"widget\" data-widget_type=\"heading.default\">\n\t\t\t\t<div class=\"elementor-widget-container\">\n\t\t\t<h2 class=\"elementor-heading-title elementor-size-default\">Bodenfruchtbarkeit als Wettbewerbsfaktor<\/h2>\t\t<\/div>\n\t\t\t\t<\/div>\n\t\t\t\t<div class=\"elementor-element elementor-element-2c0a07d elementor-widget elementor-widget-text-editor\" data-id=\"2c0a07d\" data-element_type=\"widget\" data-widget_type=\"text-editor.default\">\n\t\t\t\t<div class=\"elementor-widget-container\">\n\t\t\t\t\t\t\t<p>Die Agrarwirtschaft entzieht Jahr f\u00fcr Jahr dem Boden N\u00e4hrstoffe. Das muss ausgeglichen werden. Mit der Ausbringung organisch-mineralischer D\u00fcngemittel kann das geschehen.<\/p><p>Auch Humus nimmt als Gesamtheit der organischen Substanz des Bodens eine grundlegende Funktion in Sachen Bodenfruchtbarkeit und Ertragsbildung ein.<\/p><p>Dies gilt sowohl f\u00fcr den \u00f6kologischen als auch den integrierten Landbau. Zwar ist der Humusgehalt vorwiegend durch die Bodenart bestimmt, dennoch hat auch die ackerbauliche Nutzung Einfluss auf den Humusgehalt. Entscheidende Parameter sind Fruchtfolgegliederung, Art und Intensit\u00e4t der Bodenbearbeitung und die Menge der organischen D\u00fcngung.<\/p>\t\t\t\t\t\t<\/div>\n\t\t\t\t<\/div>\n\t\t\t\t<\/div>\n\t\t<div class=\"elementor-element elementor-element-ceab050 e-con-full e-flex wpr-particle-no wpr-jarallax-no wpr-parallax-no wpr-sticky-section-no e-con e-child\" data-id=\"ceab050\" data-element_type=\"container\" data-settings=\"{&quot;content_width&quot;:&quot;full&quot;}\">\n\t\t\t\t<div class=\"elementor-element elementor-element-a9c9bf8 elementor-widget elementor-widget-image\" data-id=\"a9c9bf8\" data-element_type=\"widget\" data-widget_type=\"image.default\">\n\t\t\t\t<div class=\"elementor-widget-container\">\n\t\t\t<style>\/*! elementor - v3.17.0 - 01-11-2023 *\/\n.elementor-widget-image{text-align:center}.elementor-widget-image a{display:inline-block}.elementor-widget-image a img[src$=\".svg\"]{width:48px}.elementor-widget-image img{vertical-align:middle;display:inline-block}<\/style>\t\t\t\t\t\t\t\t\t\t\t\t<img decoding=\"async\" src=\"https:\/\/biotech.wupperpage.de\/wp-content\/uploads\/2023\/11\/duenger-copy.jpg\" title=\"\" alt=\"\" loading=\"lazy\" \/>\t\t\t\t\t\t\t\t\t\t\t\t\t\t\t<\/div>\n\t\t\t\t<\/div>\n\t\t\t\t<\/div>\n\t\t\t\t\t<\/div>\n\t\t\t\t<\/div>\n\t\t<div class=\"elementor-element elementor-element-cd5521e e-flex e-con-boxed wpr-particle-no wpr-jarallax-no wpr-parallax-no wpr-sticky-section-no e-con e-parent\" data-id=\"cd5521e\" data-element_type=\"container\" data-settings=\"{&quot;content_width&quot;:&quot;boxed&quot;}\" data-core-v316-plus=\"true\">\n\t\t\t\t\t<div class=\"e-con-inner\">\n\t\t\t\t<div class=\"elementor-element elementor-element-032690c elementor-widget elementor-widget-text-editor\" data-id=\"032690c\" data-element_type=\"widget\" data-widget_type=\"text-editor.default\">\n\t\t\t\t<div class=\"elementor-widget-container\">\n\t\t\t\t\t\t\t<p><strong>F\u00fcr ein gesundes Pflanzenwachstum <\/strong><\/p><p>Mineralischer D\u00fcnger, auch bekannt als mineralischer N\u00e4hrstoffd\u00fcnger, ist eine wichtige Kategorie von D\u00fcngemitteln, die in der Landwirtschaft und Gartengestaltung weit verbreitet sind. Diese Art von D\u00fcnger liefert Pflanzen die essentiellen Mineralien und N\u00e4hrstoffe, die sie f\u00fcr ihr Wachstum und ihre Entwicklung ben\u00f6tigen. Mineralische D\u00fcnger unterscheiden sich von organischen D\u00fcngemitteln, da sie anorganische Verbindungen enthalten, die aus mineralischen Quellen gewonnen werden, im Gegensatz zu organischen D\u00fcngemitteln, die aus pflanzlichen oder tierischen Materialien hergestellt werden.<\/p><p>Mineralische D\u00fcnger enthalten in der Regel die Hauptn\u00e4hrstoffe Stickstoff (N), Phosphor (P) und Kalium (K), die als NPK-D\u00fcnger bezeichnet werden. Diese Hauptn\u00e4hrstoffe sind entscheidend f\u00fcr das Pflanzenwachstum. Stickstoff f\u00f6rdert das Blattwachstum und die gr\u00fcne Farbe der Pflanzen. Phosphor ist wichtig f\u00fcr die Wurzelentwicklung und Bl\u00fctenbildung. Kalium st\u00e4rkt die Widerstandsf\u00e4higkeit der Pflanzen gegen\u00fcber Krankheiten und Stressfaktoren.<\/p><p>Zus\u00e4tzlich zu den Hauptn\u00e4hrstoffen enthalten mineralische D\u00fcnger oft auch Spurenelemente oder Mikron\u00e4hrstoffe wie Eisen, Mangan, Zink und Bor. Diese sind in geringen Mengen erforderlich, aber dennoch entscheidend f\u00fcr das gesunde Pflanzenwachstum. Ein Mangel an diesen Spurenelementen kann zu bestimmten Krankheiten oder Wachstumsst\u00f6rungen f\u00fchren.<\/p><p>Mineralische D\u00fcnger werden aus nat\u00fcrlichen mineralischen Quellen oder durch chemische Prozesse hergestellt. Beispiele f\u00fcr nat\u00fcrliche mineralische D\u00fcngemittel sind Kaliumsulfat, Kalziumnitrat und Phosphatgesteine. Diese Materialien werden abgebaut und verarbeitet, um D\u00fcngemittel herzustellen. Chemische D\u00fcngemittel werden durch die Synthese von anorganischen Verbindungen wie Harnstoff, Ammoniumnitrat und Kaliumchlorid hergestellt.<\/p><p>Die Verwendung von mineralischem D\u00fcnger bietet mehrere Vorteile. Erstens sind sie in der Regel gut ausgewogen und enthalten eine definierte Menge an N\u00e4hrstoffen, was es Landwirten und G\u00e4rtnern erm\u00f6glicht, die Ern\u00e4hrung ihrer Pflanzen genau zu steuern. Zweitens sind sie leicht zu lagern und zu transportieren. Drittens k\u00f6nnen sie schnell von den Pflanzen aufgenommen werden, was zu schnellen Wachstumsergebnissen f\u00fchrt.<\/p><p>Insgesamt sind mineralische D\u00fcnger ein wichtiger Bestandteil der modernen Landwirtschaft und Gartenpflege, da sie eine effiziente M\u00f6glichkeit bieten, Pflanzen mit den notwendigen N\u00e4hrstoffen zu versorgen, um ein gesundes Wachstum und eine hohe Erntequalit\u00e4t zu gew\u00e4hrleisten.<\/p>\t\t\t\t\t\t<\/div>\n\t\t\t\t<\/div>\n\t\t\t\t\t<\/div>\n\t\t\t\t<\/div>\n\t\t<div class=\"elementor-element elementor-element-0e20aeb e-flex e-con-boxed wpr-particle-no wpr-jarallax-no wpr-parallax-no wpr-sticky-section-no elementor-invisible e-con e-parent\" data-id=\"0e20aeb\" data-element_type=\"container\" data-settings=\"{&quot;animation&quot;:&quot;fadeIn&quot;,&quot;content_width&quot;:&quot;boxed&quot;}\" data-core-v316-plus=\"true\">\n\t\t\t\t\t<div class=\"e-con-inner\">\n\t\t\t\t<div class=\"elementor-element elementor-element-73d3aa2 elementor-widget elementor-widget-heading\" data-id=\"73d3aa2\" data-element_type=\"widget\" data-widget_type=\"heading.default\">\n\t\t\t\t<div class=\"elementor-widget-container\">\n\t\t\t<h2 class=\"elementor-heading-title elementor-size-default\">\nMineralischer D\u00fcnger \u2013 und was hat das mit BIOTECH ENERGY zu tun?<\/h2>\t\t<\/div>\n\t\t\t\t<\/div>\n\t\t\t\t\t<\/div>\n\t\t\t\t<\/div>\n\t\t<div class=\"elementor-element elementor-element-e3d8f87 e-flex e-con-boxed wpr-particle-no wpr-jarallax-no wpr-parallax-no wpr-sticky-section-no elementor-invisible e-con e-parent\" data-id=\"e3d8f87\" data-element_type=\"container\" data-settings=\"{&quot;animation&quot;:&quot;fadeIn&quot;,&quot;animation_delay&quot;:500,&quot;content_width&quot;:&quot;boxed&quot;}\" data-core-v316-plus=\"true\">\n\t\t\t\t\t<div class=\"e-con-inner\">\n\t\t\t\t<div class=\"elementor-element elementor-element-9ba5a44 elementor-widget elementor-widget-text-editor\" data-id=\"9ba5a44\" data-element_type=\"widget\" data-widget_type=\"text-editor.default\">\n\t\t\t\t<div class=\"elementor-widget-container\">\n\t\t\t\t\t\t\t<p><strong>G\u00e4rrest als Wirtschaftsd\u00fcnger<\/strong><\/p><p>Die betriebseigene Biogas-Anlage produziert nicht nur die f\u00fcr die Anlage ben\u00f6tigte Energie, sondern verwertet auch G\u00e4rreste zu organischen und organisch-mineralischen D\u00fcngemitteln.<\/p><p>Diese D\u00fcngemittel bestehen aus landwirtschaftlichen Nebenerzeugnissen und Destillationsanlagen-Reststoffen, erf\u00fcllen hohe Anforderungen und k\u00f6nnen als organische D\u00fcnger verwendet werden. Sie gleichen den Stickstoffmangel im Boden aus, der durch den Anbau von Ackerpflanzen entsteht, und tragen zur Humusbildung bei.<\/p><p>Humus ist entscheidend f\u00fcr die Bodenfruchtbarkeit und Ertragsbildung im \u00f6kologischen und integrierten Landbau, beeinflusst durch Fruchtfolge, Bodenbearbeitung und organische D\u00fcngung.<\/p>\t\t\t\t\t\t<\/div>\n\t\t\t\t<\/div>\n\t\t\t\t<div class=\"elementor-element elementor-element-e40005d elementor-widget elementor-widget-spacer\" data-id=\"e40005d\" data-element_type=\"widget\" data-widget_type=\"spacer.default\">\n\t\t\t\t<div class=\"elementor-widget-container\">\n\t\t\t<style>\/*! elementor - v3.17.0 - 01-11-2023 *\/\n.elementor-column .elementor-spacer-inner{height:var(--spacer-size)}.e-con{--container-widget-width:100%}.e-con-inner>.elementor-widget-spacer,.e-con>.elementor-widget-spacer{width:var(--container-widget-width,var(--spacer-size));--align-self:var(--container-widget-align-self,initial);--flex-shrink:0}.e-con-inner>.elementor-widget-spacer>.elementor-widget-container,.e-con>.elementor-widget-spacer>.elementor-widget-container{height:100%;width:100%}.e-con-inner>.elementor-widget-spacer>.elementor-widget-container>.elementor-spacer,.e-con>.elementor-widget-spacer>.elementor-widget-container>.elementor-spacer{height:100%}.e-con-inner>.elementor-widget-spacer>.elementor-widget-container>.elementor-spacer>.elementor-spacer-inner,.e-con>.elementor-widget-spacer>.elementor-widget-container>.elementor-spacer>.elementor-spacer-inner{height:var(--container-widget-height,var(--spacer-size))}.e-con-inner>.elementor-widget-spacer.elementor-widget-empty,.e-con>.elementor-widget-spacer.elementor-widget-empty{position:relative;min-height:22px;min-width:22px}.e-con-inner>.elementor-widget-spacer.elementor-widget-empty .elementor-widget-empty-icon,.e-con>.elementor-widget-spacer.elementor-widget-empty .elementor-widget-empty-icon{position:absolute;top:0;bottom:0;left:0;right:0;margin:auto;padding:0;width:22px;height:22px}<\/style>\t\t<div class=\"elementor-spacer\">\n\t\t\t<div class=\"elementor-spacer-inner\"><\/div>\n\t\t<\/div>\n\t\t\t\t<\/div>\n\t\t\t\t<\/div>\n\t\t\t\t\t<\/div>\n\t\t\t\t<\/div>\n\t\t\t\t\t\t\t<\/div>\n\t\t","protected":false},"excerpt":{"rendered":"<p>D\u00fcngemittel F\u00fcr gesunde Pflanzen Mineralischer D\u00fcnger aus G\u00e4rresten. H\u00f6chste Qualit\u00e4t Ressourcenschonende Produktion Bodenfruchtbarkeit als Wettbewerbsfaktor Die Agrarwirtschaft entzieht Jahr f\u00fcr Jahr dem Boden N\u00e4hrstoffe. Das muss ausgeglichen werden. Mit der Ausbringung organisch-mineralischer D\u00fcngemittel kann das geschehen. Auch Humus nimmt als Gesamtheit der organischen Substanz des Bodens eine grundlegende Funktion in Sachen Bodenfruchtbarkeit und Ertragsbildung ein. Dies gilt sowohl f\u00fcr den \u00f6kologischen als auch den integrierten Landbau. Zwar ist der Humusgehalt vorwiegend durch die Bodenart bestimmt, dennoch hat auch die ackerbauliche Nutzung Einfluss auf den Humusgehalt. Entscheidende Parameter sind Fruchtfolgegliederung, Art und Intensit\u00e4t der Bodenbearbeitung und die Menge der organischen D\u00fcngung. F\u00fcr ein gesundes Pflanzenwachstum Mineralischer D\u00fcnger, auch bekannt als mineralischer N\u00e4hrstoffd\u00fcnger, ist eine wichtige Kategorie von D\u00fcngemitteln, die in der Landwirtschaft und Gartengestaltung weit verbreitet sind. Diese Art von D\u00fcnger liefert Pflanzen die essentiellen Mineralien und N\u00e4hrstoffe, die sie f\u00fcr ihr Wachstum und ihre Entwicklung ben\u00f6tigen. Mineralische D\u00fcnger unterscheiden sich von organischen D\u00fcngemitteln, da sie anorganische Verbindungen enthalten, die aus mineralischen Quellen gewonnen werden, im Gegensatz zu organischen D\u00fcngemitteln, die aus pflanzlichen oder tierischen Materialien hergestellt werden. Mineralische D\u00fcnger enthalten in der Regel die Hauptn\u00e4hrstoffe Stickstoff (N), Phosphor (P) und Kalium (K), die als NPK-D\u00fcnger bezeichnet werden. Diese Hauptn\u00e4hrstoffe sind entscheidend f\u00fcr das Pflanzenwachstum. Stickstoff f\u00f6rdert das Blattwachstum und die gr\u00fcne Farbe der Pflanzen. Phosphor ist wichtig f\u00fcr die Wurzelentwicklung und Bl\u00fctenbildung. Kalium st\u00e4rkt die Widerstandsf\u00e4higkeit der Pflanzen gegen\u00fcber Krankheiten und Stressfaktoren. Zus\u00e4tzlich zu den Hauptn\u00e4hrstoffen enthalten mineralische D\u00fcnger oft auch Spurenelemente oder Mikron\u00e4hrstoffe wie Eisen, Mangan, Zink und Bor. Diese sind in geringen Mengen erforderlich, aber dennoch entscheidend f\u00fcr das gesunde Pflanzenwachstum. Ein Mangel an diesen Spurenelementen kann zu bestimmten Krankheiten oder Wachstumsst\u00f6rungen f\u00fchren. Mineralische D\u00fcnger werden aus nat\u00fcrlichen mineralischen Quellen oder durch chemische Prozesse hergestellt. Beispiele f\u00fcr nat\u00fcrliche mineralische D\u00fcngemittel sind Kaliumsulfat, Kalziumnitrat und Phosphatgesteine. Diese Materialien werden abgebaut und verarbeitet, um D\u00fcngemittel herzustellen. Chemische D\u00fcngemittel werden durch die Synthese von anorganischen Verbindungen wie Harnstoff, Ammoniumnitrat und Kaliumchlorid hergestellt. Die Verwendung von mineralischem D\u00fcnger bietet mehrere Vorteile. Erstens sind sie in der Regel gut ausgewogen und enthalten eine definierte Menge an N\u00e4hrstoffen, was es Landwirten und G\u00e4rtnern erm\u00f6glicht, die Ern\u00e4hrung ihrer Pflanzen genau zu steuern. Zweitens sind sie leicht zu lagern und zu transportieren. Drittens k\u00f6nnen sie schnell von den Pflanzen aufgenommen werden, was zu schnellen Wachstumsergebnissen f\u00fchrt. Insgesamt sind mineralische D\u00fcnger ein wichtiger Bestandteil der modernen Landwirtschaft und Gartenpflege, da sie eine effiziente M\u00f6glichkeit bieten, Pflanzen mit den notwendigen N\u00e4hrstoffen zu versorgen, um ein gesundes Wachstum und eine hohe Erntequalit\u00e4t zu gew\u00e4hrleisten. Mineralischer D\u00fcnger \u2013 und was hat das mit BIOTECH ENERGY zu tun? G\u00e4rrest als Wirtschaftsd\u00fcnger Die betriebseigene Biogas-Anlage produziert nicht nur die f\u00fcr die Anlage ben\u00f6tigte Energie, sondern verwertet auch G\u00e4rreste zu organischen und organisch-mineralischen D\u00fcngemitteln. Diese D\u00fcngemittel bestehen aus landwirtschaftlichen Nebenerzeugnissen und Destillationsanlagen-Reststoffen, erf\u00fcllen hohe Anforderungen und k\u00f6nnen als organische D\u00fcnger verwendet werden. Sie gleichen den Stickstoffmangel im Boden aus, der durch den Anbau von Ackerpflanzen entsteht, und tragen zur Humusbildung bei. Humus ist entscheidend f\u00fcr die Bodenfruchtbarkeit und Ertragsbildung im \u00f6kologischen und integrierten Landbau, beeinflusst durch Fruchtfolge, Bodenbearbeitung und organische D\u00fcngung.<\/p>\n","protected":false},"author":1,"featured_media":0,"parent":0,"menu_order":0,"comment_status":"closed","ping_status":"closed","template":"elementor_canvas","meta":{"slim_seo":{"title":"D\u00fcngemittel - Biotech Energy","description":"D\u00fcngemittel F\u00fcr gesunde Pflanzen Mineralischer D\u00fcnger aus G\u00e4rresten. H\u00f6chste Qualit\u00e4t Ressourcenschonende Produktion Bodenfruchtbarkeit als Wettbewerbsfaktor Di"},"footnotes":""},"class_list":["post-2334","page","type-page","status-publish","hentry"],"_links":{"self":[{"href":"https:\/\/biotech-energy.com\/de\/wp-json\/wp\/v2\/pages\/2334","targetHints":{"allow":["GET"]}}],"collection":[{"href":"https:\/\/biotech-energy.com\/de\/wp-json\/wp\/v2\/pages"}],"about":[{"href":"https:\/\/biotech-energy.com\/de\/wp-json\/wp\/v2\/types\/page"}],"author":[{"embeddable":true,"href":"https:\/\/biotech-energy.com\/de\/wp-json\/wp\/v2\/users\/1"}],"replies":[{"embeddable":true,"href":"https:\/\/biotech-energy.com\/de\/wp-json\/wp\/v2\/comments?post=2334"}],"version-history":[{"count":10,"href":"https:\/\/biotech-energy.com\/de\/wp-json\/wp\/v2\/pages\/2334\/revisions"}],"predecessor-version":[{"id":3061,"href":"https:\/\/biotech-energy.com\/de\/wp-json\/wp\/v2\/pages\/2334\/revisions\/3061"}],"wp:attachment":[{"href":"https:\/\/biotech-energy.com\/de\/wp-json\/wp\/v2\/media?parent=2334"}],"curies":[{"name":"wp","href":"https:\/\/api.w.org\/{rel}","templated":true}]}}