{"id":2740,"date":"2023-11-08T11:07:53","date_gmt":"2023-11-08T10:07:53","guid":{"rendered":"https:\/\/biotech-energy.com\/?page_id=2740"},"modified":"2023-11-08T11:11:39","modified_gmt":"2023-11-08T10:11:39","slug":"datenschutz","status":"publish","type":"page","link":"https:\/\/biotech-energy.com\/de\/datenschutz\/","title":{"rendered":"Datenschutz"},"content":{"rendered":"\t\t<div data-elementor-type=\"wp-page\" data-elementor-id=\"2740\" class=\"elementor elementor-2740\">\n\t\t\t\t\t\t\t\t\t<section class=\"elementor-section elementor-top-section elementor-element elementor-element-96b1f8d elementor-section-boxed elementor-section-height-default elementor-section-height-default wpr-particle-no wpr-jarallax-no wpr-parallax-no wpr-sticky-section-no\" data-id=\"96b1f8d\" data-element_type=\"section\" data-settings=\"{&quot;background_background&quot;:&quot;classic&quot;}\">\n\t\t\t\t\t\t\t<div class=\"elementor-background-overlay\"><\/div>\n\t\t\t\t\t\t\t<div class=\"elementor-container elementor-column-gap-default\">\n\t\t\t\t\t<div class=\"elementor-column elementor-col-100 elementor-top-column elementor-element elementor-element-b8e1683\" data-id=\"b8e1683\" data-element_type=\"column\">\n\t\t\t<div class=\"elementor-widget-wrap elementor-element-populated\">\n\t\t\t\t\t\t\t\t<div class=\"elementor-element elementor-element-25d20e1 elementor-widget elementor-widget-heading\" data-id=\"25d20e1\" data-element_type=\"widget\" data-widget_type=\"heading.default\">\n\t\t\t\t<div class=\"elementor-widget-container\">\n\t\t\t<style>\/*! elementor - v3.17.0 - 01-11-2023 *\/\n.elementor-heading-title{padding:0;margin:0;line-height:1}.elementor-widget-heading .elementor-heading-title[class*=elementor-size-]>a{color:inherit;font-size:inherit;line-height:inherit}.elementor-widget-heading .elementor-heading-title.elementor-size-small{font-size:15px}.elementor-widget-heading .elementor-heading-title.elementor-size-medium{font-size:19px}.elementor-widget-heading .elementor-heading-title.elementor-size-large{font-size:29px}.elementor-widget-heading .elementor-heading-title.elementor-size-xl{font-size:39px}.elementor-widget-heading .elementor-heading-title.elementor-size-xxl{font-size:59px}<\/style><h2 class=\"elementor-heading-title elementor-size-default\">Das RECHTLICHE<\/h2>\t\t<\/div>\n\t\t\t\t<\/div>\n\t\t\t\t<div class=\"elementor-element elementor-element-e2ee10f elementor-widget elementor-widget-heading\" data-id=\"e2ee10f\" data-element_type=\"widget\" data-widget_type=\"heading.default\">\n\t\t\t\t<div class=\"elementor-widget-container\">\n\t\t\t<h2 class=\"elementor-heading-title elementor-size-default\">Datenschutz<\/h2>\t\t<\/div>\n\t\t\t\t<\/div>\n\t\t\t\t\t<\/div>\n\t\t<\/div>\n\t\t\t\t\t\t\t<\/div>\n\t\t<\/section>\n\t\t\t\t<section class=\"elementor-section elementor-top-section elementor-element elementor-element-5ae59c7 elementor-section-boxed elementor-section-height-default elementor-section-height-default wpr-particle-no wpr-jarallax-no wpr-parallax-no wpr-sticky-section-no\" data-id=\"5ae59c7\" data-element_type=\"section\">\n\t\t\t\t\t\t<div class=\"elementor-container elementor-column-gap-default\">\n\t\t\t\t\t<div class=\"elementor-column elementor-col-100 elementor-top-column elementor-element elementor-element-dfa61b7\" data-id=\"dfa61b7\" data-element_type=\"column\">\n\t\t\t<div class=\"elementor-widget-wrap elementor-element-populated\">\n\t\t\t\t\t\t\t\t<div class=\"elementor-element elementor-element-7bd5216 elementor-widget elementor-widget-heading\" data-id=\"7bd5216\" data-element_type=\"widget\" data-widget_type=\"heading.default\">\n\t\t\t\t<div class=\"elementor-widget-container\">\n\t\t\t<h2 class=\"elementor-heading-title elementor-size-default\">Unser Datenschutz<\/h2>\t\t<\/div>\n\t\t\t\t<\/div>\n\t\t\t\t<div class=\"elementor-element elementor-element-d28b239 elementor-widget elementor-widget-text-editor\" data-id=\"d28b239\" data-element_type=\"widget\" data-widget_type=\"text-editor.default\">\n\t\t\t\t<div class=\"elementor-widget-container\">\n\t\t\t<style>\/*! elementor - v3.17.0 - 01-11-2023 *\/\n.elementor-widget-text-editor.elementor-drop-cap-view-stacked .elementor-drop-cap{background-color:#69727d;color:#fff}.elementor-widget-text-editor.elementor-drop-cap-view-framed .elementor-drop-cap{color:#69727d;border:3px solid;background-color:transparent}.elementor-widget-text-editor:not(.elementor-drop-cap-view-default) .elementor-drop-cap{margin-top:8px}.elementor-widget-text-editor:not(.elementor-drop-cap-view-default) .elementor-drop-cap-letter{width:1em;height:1em}.elementor-widget-text-editor .elementor-drop-cap{float:left;text-align:center;line-height:1;font-size:50px}.elementor-widget-text-editor .elementor-drop-cap-letter{display:inline-block}<\/style>\t\t\t\t<p>Wir, nehmen den Schutz Ihrer pers\u00f6nlichen Daten sehr ernst. Wir behandeln Ihre personenbezogenen Daten vertraulich und entsprechend der gesetzlichen Regeln der relevanten Datenschutzgesetze, insbesondere der europ\u00e4ischen Datenschutz-Grundverordnung (DSGVO) sowie dieser Datenschutzerkl\u00e4rung.<\/p>\n<p>Die vorliegende Datenschutzerkl\u00e4rung erstreckt sich auf die Nutzung der digitalen Angebote von Siebold Messebau einschlie\u00dflich unserer Social Media Profile \u00fcber PC, Smartphones, Tablets und alle weiteren internetf\u00e4higen mobilen Endger\u00e4te. Die digitalen Angebote k\u00f6nnen Links zu anderen Websites dritter Dienstanbieter enthalten, auf die sich diese Datenschutzerkl\u00e4rung nicht bezieht.<\/p>\n<h4>1. Verantwortlicher<\/h4>\n<p>Verantwortlicher f\u00fcr die Verarbeitung Ihrer personenbezogenen Daten ist<br>Biotech Energy Farm Holding GmbH<br>vertreten durch den Gesch\u00e4ftsf\u00fchrer Detlev Siebold<br>Kronsaalsweg 45<br>22525 Hamburg<br>info@biotech-energy.com<\/p>\n<p>Sofern Sie Fragen zum Datenschutz bei uns haben, schreiben Sie uns bitte unter der vorgenannten Postadresse, mit dem Zusatz \u201eDatenschutz\u201d oder unter der angegebenen E-Mail-Adresse.<\/p>\n<h4>2. Zweck der Verarbeitung personenbezogener Daten<\/h4>\n<p><strong>2.1 Datenverarbeitung zur Erbringung der vertraglichen Leistungen<\/strong><br>Wir verarbeiten personenbezogene Daten, um die vertraglichen Verh\u00e4ltnisse abzuwickeln sowie, um bedarfsgerechte Vertragsangebote unterbreiten zu k\u00f6nnen. Die Erhebung der Daten erfolgt dabei insbesondere zum Abschluss eines Vertrages.<\/p>\n<p>Wir erheben bei s\u00e4mtlichen Formularen obligatorisch nur diejenigen personenbezogenen Daten, die zur Abwicklung der vertraglichen Verh\u00e4ltnisse bzw. zu Ihrer Informationsabfrage unbedingt erforderlich sind. Diese Angaben werden mit einem Sternchen versehen. Die Erhebung von Daten, die nicht unbedingt erforderlich sind, an denen wir aber Interesse haben, um die Zweckerf\u00fcllung zu optimieren, erfolgt nur optional. Sie entscheiden in diesem Fall jeweils auf freiwilliger Basis, ob und welche Daten Sie uns geben wollen.<\/p>\n<p>F\u00fcr Ihre Beauftragung ben\u00f6tigen wir ggf. Ihre korrekten Namens-, Adress- und Zahldaten. Ihre E-Mail-Adresse und\/oder Telefonnummer erfragen wir, damit wir mit Ihnen bei Fragen hinsichtlich der von Ihnen beauftragten Leistung kommunizieren k\u00f6nnen.<\/p>\n<p>Grundlage f\u00fcr die Datenverarbeitung ist Art. 6 Abs. 1 lit. b DSGVO, der die Verarbeitung von Daten zur Erf\u00fcllung eines Vertrags oder vorvertraglicher Ma\u00dfnahmen gestattet.<\/p>\n<p><strong>2.2 Datenverarbeitung zur Kommunikation mit Ihnen<\/strong><br>Neben den Vertragsdaten verarbeiten wir Ihre Kommunikationsdaten (Name, Adresse, Telefonnummer, E-Mail-Adresse), um Ihre Anfrage zu bearbeiten und\/oder mit Ihnen in Kontakt treten zu k\u00f6nnen. Personenbezogene Daten, die Sie uns per E-Mail dieser Website mitteilen, werden nur zur Korrespondenz mit Ihnen bzw. nur f\u00fcr den Zweck verarbeitet, zu dem Sie uns die Daten zur Verf\u00fcgung gestellt haben.<\/p>\n<p>Grundlage f\u00fcr die Datenverarbeitung ist Art. 6 Abs. 1 lit. b DSGVO, der die Verarbeitung von Daten zur Erf\u00fcllung eines Vertrags oder vorvertraglicher Ma\u00dfnahmen gestattet.<\/p>\n<p><strong>2.3 Cookies<\/strong><br>Wir verwenden auf einigen unserer Webangebote sog. Cookies, u.a. um Ihnen websitespezifische Leistungen anbieten zu k\u00f6nnen, Sie bei einem wiederholten Besuch auf unserer Website wiedererkennen zu k\u00f6nnen, und\/oder um unser Angebot an Ihre pers\u00f6nlichen Vorlieben anpassen zu k\u00f6nnen.<\/p>\n<p>Cookies sind kleine Textdateien, die auf dem Computer eines Besuchers gespeichert werden und Daten zum jeweiligen Nutzer enthalten, um diesem Zugang zu verschiedenen Funktionen zu erm\u00f6glichen. Auf unserer Website werden sowohl Session Cookies als auch dauerhafte Cookies verwendet. Ein Session Cookie wird vor\u00fcbergehend auf dem von Ihnen genutzten Computer gespeichert, w\u00e4hrend Sie durch die Website navigieren. Ein Session Cookie wird gel\u00f6scht, sobald Sie Ihren Internet-Browser schlie\u00dfen oder sobald nach einer bestimmten Zeit Ihre Session abgelaufen ist. Ein dauerhaftes Cookie bleibt auf Ihrem Computer bis es gel\u00f6scht wird. Durch die Speicherung eines Cookies ist gew\u00e4hrleistet, dass Sie nicht bei jedem Besuch Ihre pers\u00f6nlichen Einstellungen und Vorlieben wiederholt eingeben m\u00fcssen. Das erspart Ihnen Zeit und macht die Nutzung unserer Website komfortabler f\u00fcr Sie.<\/p>\n<p>Sie k\u00f6nnen dauerhaft installierte Cookies \u00fcber die Einstellungen Ihres Browsers l\u00f6schen. Die meisten Browser akzeptieren Cookies automatisch \u2013 falls Sie also den Einsatz von Cookies unterdr\u00fccken m\u00f6chten, m\u00fcssen Sie m\u00f6glicherweise Cookies aktiv l\u00f6schen oder blockieren oder die Speicherung der Cookies durch eine Einstellung Ihrer Browser-Software verhindern. Beachten Sie jedoch, dass Sie, wenn Sie die Verwendung von Cookies ablehnen, unsere Website zwar weiter besuchen k\u00f6nnen, einige Funktionen jedoch in ihrer Arbeitsweise beeintr\u00e4chtigt sein k\u00f6nnten.<\/p>\n<p>Die Nutzung der vorgenannten Cookies erfolgt im Interesse einer einheitlichen Darstellung und Funktionalit\u00e4t unserer Websites. Grundlage f\u00fcr die Datenverarbeitung ist Art. 6 Abs. 1 lit. f DSGVO, der die Verarbeitung von Daten zur Wahrung berechtigter Interessen des Verantwortlichen gestattet, sofern die Interessen oder Grundrechte und Grundfreiheiten des Betroffenen nicht \u00fcberwiegen.<\/p>\n<p><strong>2.4 Datenverarbeitung zur Wahrung berechtigter Interessen<\/strong><br>Ihre Daten verarbeiten wir auch, wenn es erforderlich ist, um berechtigte Interessen von uns oder von Dritten zu wahren. Dies kann insbesondere der Fall sein zur Gew\u00e4hrleistung der IT-Sicherheit und des IT-Betriebs, insbesondere auch bei Support-Anfragen, um im Falle rechtlicher Auseinandersetzungen Sachverhalte nachvollziehen und belegen zu k\u00f6nnen, f\u00fcr Markt- und Meinungsumfragen, um die Nutzung unserer Website statistisch auszuwerten, zur Werbung f\u00fcr andere Produkte von uns oder unserer Kooperationspartner.<br>Die Videos \u00fcbermitteln die IP-Adresse der Besucher unserer Homepage an Drittanbieter [Google \u2013 YouTube].<\/p>\n<p>Grundlage f\u00fcr die Datenverarbeitung ist Art. 6 Abs. 1 lit. f DSGVO. Wir haben ein berechtigtes Interesse an den vorstehend aufgef\u00fchrten Datenverarbeitungen.<\/p>\n<p><strong>2.5 Log-Dateien<\/strong><br>Bei jedem Zugriff auf unsere Websites werden Nutzungsdaten durch den jeweiligen Internetbrowser \u00fcbermittelt und in Protokolldateien, den sogenannten Server-Logfiles, gespeichert. Die dabei gespeicherten Datens\u00e4tze enthalten die folgenden Daten: Browsertyp und Browserversion, verwendetes Betriebssystem, Referrer URL, Uhrzeit der Serveranfrage, gek\u00fcrzte IP-Adresse.<\/p>\n<p>Diese Daten sind nicht bestimmten Personen zuordenbar. Eine Zusammenf\u00fchrung dieser Daten mit anderen Datenquellen wird nicht vorgenommen. Wir behalten uns vor, diese Daten nachtr\u00e4glich zu pr\u00fcfen, wenn uns konkrete Anhaltspunkte f\u00fcr eine rechtswidrige Nutzung bekannt werden.<\/p>\n<p>Grundlage f\u00fcr die Datenverarbeitung ist Art. 6 Abs. 1 lit. f DSGVO, der die Verarbeitung von Daten zur Wahrung berechtigter Interessen des Verantwortlichen gestattet, sofern die Interessen oder Grundrechte und Grundfreiheiten des Betroffenen nicht \u00fcberwiegen.<\/p>\n<p><strong>2.6 Datenverarbeitung zur Erf\u00fcllung gesetzlicher Verpflichtungen<\/strong><br>Dar\u00fcber hinaus verarbeiten wir Ihre Daten zur Erf\u00fcllung gesetzlicher Verpflichtungen (z.B. aufsichtsrechtlicher Vorgaben, handels- und steuerrechtlicher Aufbewahrungs- und Nachweispflichten).<\/p>\n<p>Grundlage f\u00fcr die Datenverarbeitung ist Art. 6 Abs. 1 lit. c DSGVO, der die Verarbeitung zur Erf\u00fcllung einer rechtlichen Verpflichtung gestattet.<\/p>\n<h4>3. Kategorien von Empf\u00e4ngern der personenbezogenen Daten<\/h4>\n<p>Ihre personenbezogenen Daten werden an Dritte nur weitergegeben oder sonst \u00fcbermittelt, wenn dies zum Zweck der Vertragsabwicklung oder Abrechnung erforderlich ist oder Sie zuvor eingewilligt haben oder eine gesetzliche Grundlage f\u00fcr die Weitergabe besteht.<br>Sofern es zum Zwecke der Vertragsabwicklung oder zur Versendung und Auslieferung von Produkten erforderlich ist, erfolgt eine Datenweitergabe an Partnerunternehmen, welche zur Unterst\u00fctzung der Vertragsabwicklung beauftragt worden sind. Unsere Partner verpflichten sich zur Einhaltung und Beachtung der datenschutzrechtlichen Bestimmungen. Unseren Partnern ist es zudem nicht gestattet, die Daten anderweitig als zur Vertragsabwicklung zu verwenden.<\/p>\n<p>Dienstleister, die uns bei der Erbringung unserer Leistung Ihnen gegen\u00fcber unterst\u00fctzen sind Vertriebs- und Marketingpartner, Software (SaaS)-Anbieter, IT-Dienstleister, insbes. Dienstleister f\u00fcr Soft- und Hardware-Wartung, Hosting-Provider und E-Mail-Dienstprovider.<\/p>\n<h4>4. Dauer der Datenspeicherung<\/h4>\n<p>Grunds\u00e4tzlich l\u00f6schen wir Ihre Daten, sobald sie f\u00fcr die oben genannten Zwecke nicht mehr erforderlich sind, es sei denn, die vor\u00fcbergehende Aufbewahrung ist weiterhin notwendig. So speichern wir Ihre Daten aufgrund gesetzlicher Nachweis- und Aufbewahrungspflichten, die sich unter anderem aus dem Handelsgesetzbuch und der Abgabenordnung ergeben. Die Speicherfristen betragen danach bis zu zehn volle Jahre. Zudem bewahren wir Ihre Daten f\u00fcr die Zeit auf, in der Anspr\u00fcche gegen unser Unternehmen geltend gemacht werden k\u00f6nnen (gesetzliche Verj\u00e4hrungsfrist von drei oder bis zu drei\u00dfig Jahren).<\/p>\n<h4>5. Datensicherheit<\/h4>\n<p>Ihre pers\u00f6nlichen Daten werden bei uns sicher durch Verschl\u00fcsselung \u00fcbertragen. Wir bedienen uns dabei des Codierungssystems SSL (Secure Socket Layer). Eine verschl\u00fcsselte Verbindung erkennen Sie daran, dass die Adresszeile des Browsers von \u201ehttps:\/\/\u201c auf \u201ehttps:\/\/\u201c wechselt und an dem Schloss-Symbol in Ihrer Browserzeile. Des Weiteren sichern wir unsere Webseiten und sonstige Systeme durch technische und organisatorische Ma\u00dfnahmen gegen Verlust, Zerst\u00f6rung, Zugriff, Ver\u00e4nderung oder Verbreitung Ihrer Daten durch unbefugte Personen<\/p>\n<h4>6. Betroffenenrechte<\/h4>\n<p>Sie haben im Rahmen der geltenden gesetzlichen Bestimmungen jederzeit das Recht auf unentgeltliche Auskunft \u00fcber Ihre gespeicherten personenbezogenen Daten, deren Herkunft und Empf\u00e4nger und den Zweck der Datenverarbeitung und ggf. ein Recht auf Berichtigung, Sperrung oder L\u00f6schung dieser Daten. Hierzu sowie zu weiteren Fragen zum Thema personenbezogene Daten k\u00f6nnen Sie sich jederzeit unter der in Ziffer 1 genannten Kontaktdaten an uns wenden. Ihnen kann weiterhin ein Recht auf Einschr\u00e4nkung der Verarbeitung Ihrer Daten sowie ein Recht auf Herausgabe der von Ihnen bereitgestellten Daten in einem strukturierten, g\u00e4ngigen und maschinenlesbaren Format zustehen. Wenn Sie uns eine Einwilligung zur Verarbeitung personenbezogener Daten f\u00fcr bestimmte Zwecke erteilt haben, k\u00f6nnen Sie Ihre Einwilligung jederzeit mit Wirkung f\u00fcr die Zukunft widerrufen. Verarbeiten wir Ihre Daten zur Wahrung berechtigter Interessen, k\u00f6nnen Sie dieser Verarbeitung aus Gr\u00fcnden, die sich aus Ihrer besonderen Situation ergeben, widersprechen. Daneben haben Sie die M\u00f6glichkeit, sich an eine Datenschutzaufsichtsbeh\u00f6rde zu wenden (Beschwerderecht).<\/p>\t\t\t\t\t\t<\/div>\n\t\t\t\t<\/div>\n\t\t\t\t\t<\/div>\n\t\t<\/div>\n\t\t\t\t\t\t\t<\/div>\n\t\t<\/section>\n\t\t\t\t\t\t\t<\/div>\n\t\t","protected":false},"excerpt":{"rendered":"<p>Das RECHTLICHE Datenschutz Unser Datenschutz Wir, nehmen den Schutz Ihrer pers\u00f6nlichen Daten sehr ernst. Wir behandeln Ihre personenbezogenen Daten vertraulich und entsprechend der gesetzlichen Regeln der relevanten Datenschutzgesetze, insbesondere der europ\u00e4ischen Datenschutz-Grundverordnung (DSGVO) sowie dieser Datenschutzerkl\u00e4rung. Die vorliegende Datenschutzerkl\u00e4rung erstreckt sich auf die Nutzung der digitalen Angebote von Siebold Messebau einschlie\u00dflich unserer Social Media Profile \u00fcber PC, Smartphones, Tablets und alle weiteren internetf\u00e4higen mobilen Endger\u00e4te. Die digitalen Angebote k\u00f6nnen Links zu anderen Websites dritter Dienstanbieter enthalten, auf die sich diese Datenschutzerkl\u00e4rung nicht bezieht. 1. Verantwortlicher Verantwortlicher f\u00fcr die Verarbeitung Ihrer personenbezogenen Daten istBiotech Energy Farm Holding GmbHvertreten durch den Gesch\u00e4ftsf\u00fchrer Detlev SieboldKronsaalsweg 4522525 Hamburginfo@biotech-energy.com Sofern Sie Fragen zum Datenschutz bei uns haben, schreiben Sie uns bitte unter der vorgenannten Postadresse, mit dem Zusatz \u201eDatenschutz\u201d oder unter der angegebenen E-Mail-Adresse. 2. Zweck der Verarbeitung personenbezogener Daten 2.1 Datenverarbeitung zur Erbringung der vertraglichen LeistungenWir verarbeiten personenbezogene Daten, um die vertraglichen Verh\u00e4ltnisse abzuwickeln sowie, um bedarfsgerechte Vertragsangebote unterbreiten zu k\u00f6nnen. Die Erhebung der Daten erfolgt dabei insbesondere zum Abschluss eines Vertrages. Wir erheben bei s\u00e4mtlichen Formularen obligatorisch nur diejenigen personenbezogenen Daten, die zur Abwicklung der vertraglichen Verh\u00e4ltnisse bzw. zu Ihrer Informationsabfrage unbedingt erforderlich sind. Diese Angaben werden mit einem Sternchen versehen. Die Erhebung von Daten, die nicht unbedingt erforderlich sind, an denen wir aber Interesse haben, um die Zweckerf\u00fcllung zu optimieren, erfolgt nur optional. Sie entscheiden in diesem Fall jeweils auf freiwilliger Basis, ob und welche Daten Sie uns geben wollen. F\u00fcr Ihre Beauftragung ben\u00f6tigen wir ggf. Ihre korrekten Namens-, Adress- und Zahldaten. Ihre E-Mail-Adresse und\/oder Telefonnummer erfragen wir, damit wir mit Ihnen bei Fragen hinsichtlich der von Ihnen beauftragten Leistung kommunizieren k\u00f6nnen. Grundlage f\u00fcr die Datenverarbeitung ist Art. 6 Abs. 1 lit. b DSGVO, der die Verarbeitung von Daten zur Erf\u00fcllung eines Vertrags oder vorvertraglicher Ma\u00dfnahmen gestattet. 2.2 Datenverarbeitung zur Kommunikation mit IhnenNeben den Vertragsdaten verarbeiten wir Ihre Kommunikationsdaten (Name, Adresse, Telefonnummer, E-Mail-Adresse), um Ihre Anfrage zu bearbeiten und\/oder mit Ihnen in Kontakt treten zu k\u00f6nnen. Personenbezogene Daten, die Sie uns per E-Mail dieser Website mitteilen, werden nur zur Korrespondenz mit Ihnen bzw. nur f\u00fcr den Zweck verarbeitet, zu dem Sie uns die Daten zur Verf\u00fcgung gestellt haben. Grundlage f\u00fcr die Datenverarbeitung ist Art. 6 Abs. 1 lit. b DSGVO, der die Verarbeitung von Daten zur Erf\u00fcllung eines Vertrags oder vorvertraglicher Ma\u00dfnahmen gestattet. 2.3 CookiesWir verwenden auf einigen unserer Webangebote sog. Cookies, u.a. um Ihnen websitespezifische Leistungen anbieten zu k\u00f6nnen, Sie bei einem wiederholten Besuch auf unserer Website wiedererkennen zu k\u00f6nnen, und\/oder um unser Angebot an Ihre pers\u00f6nlichen Vorlieben anpassen zu k\u00f6nnen. Cookies sind kleine Textdateien, die auf dem Computer eines Besuchers gespeichert werden und Daten zum jeweiligen Nutzer enthalten, um diesem Zugang zu verschiedenen Funktionen zu erm\u00f6glichen. Auf unserer Website werden sowohl Session Cookies als auch dauerhafte Cookies verwendet. Ein Session Cookie wird vor\u00fcbergehend auf dem von Ihnen genutzten Computer gespeichert, w\u00e4hrend Sie durch die Website navigieren. Ein Session Cookie wird gel\u00f6scht, sobald Sie Ihren Internet-Browser schlie\u00dfen oder sobald nach einer bestimmten Zeit Ihre Session abgelaufen ist. Ein dauerhaftes Cookie bleibt auf Ihrem Computer bis es gel\u00f6scht wird. Durch die Speicherung eines Cookies ist gew\u00e4hrleistet, dass Sie nicht bei jedem Besuch Ihre pers\u00f6nlichen Einstellungen und Vorlieben wiederholt eingeben m\u00fcssen. Das erspart Ihnen Zeit und macht die Nutzung unserer Website komfortabler f\u00fcr Sie. Sie k\u00f6nnen dauerhaft installierte Cookies \u00fcber die Einstellungen Ihres Browsers l\u00f6schen. Die meisten Browser akzeptieren Cookies automatisch \u2013 falls Sie also den Einsatz von Cookies unterdr\u00fccken m\u00f6chten, m\u00fcssen Sie m\u00f6glicherweise Cookies aktiv l\u00f6schen oder blockieren oder die Speicherung der Cookies durch eine Einstellung Ihrer Browser-Software verhindern. Beachten Sie jedoch, dass Sie, wenn Sie die Verwendung von Cookies ablehnen, unsere Website zwar weiter besuchen k\u00f6nnen, einige Funktionen jedoch in ihrer Arbeitsweise beeintr\u00e4chtigt sein k\u00f6nnten. Die Nutzung der vorgenannten Cookies erfolgt im Interesse einer einheitlichen Darstellung und Funktionalit\u00e4t unserer Websites. Grundlage f\u00fcr die Datenverarbeitung ist Art. 6 Abs. 1 lit. f DSGVO, der die Verarbeitung von Daten zur Wahrung berechtigter Interessen des Verantwortlichen gestattet, sofern die Interessen oder Grundrechte und Grundfreiheiten des Betroffenen nicht \u00fcberwiegen. 2.4 Datenverarbeitung zur Wahrung berechtigter InteressenIhre Daten verarbeiten wir auch, wenn es erforderlich ist, um berechtigte Interessen von uns oder von Dritten zu wahren. Dies kann insbesondere der Fall sein zur Gew\u00e4hrleistung der IT-Sicherheit und des IT-Betriebs, insbesondere auch bei Support-Anfragen, um im Falle rechtlicher Auseinandersetzungen Sachverhalte nachvollziehen und belegen zu k\u00f6nnen, f\u00fcr Markt- und Meinungsumfragen, um die Nutzung unserer Website statistisch auszuwerten, zur Werbung f\u00fcr andere Produkte von uns oder unserer Kooperationspartner.Die Videos \u00fcbermitteln die IP-Adresse der Besucher unserer Homepage an Drittanbieter [Google \u2013 YouTube]. Grundlage f\u00fcr die Datenverarbeitung ist Art. 6 Abs. 1 lit. f DSGVO. Wir haben ein berechtigtes Interesse an den vorstehend aufgef\u00fchrten Datenverarbeitungen. 2.5 Log-DateienBei jedem Zugriff auf unsere Websites werden Nutzungsdaten durch den jeweiligen Internetbrowser \u00fcbermittelt und in Protokolldateien, den sogenannten Server-Logfiles, gespeichert. Die dabei gespeicherten Datens\u00e4tze enthalten die folgenden Daten: Browsertyp und Browserversion, verwendetes Betriebssystem, Referrer URL, Uhrzeit der Serveranfrage, gek\u00fcrzte IP-Adresse. Diese Daten sind nicht bestimmten Personen zuordenbar. Eine Zusammenf\u00fchrung dieser Daten mit anderen Datenquellen wird nicht vorgenommen. Wir behalten uns vor, diese Daten nachtr\u00e4glich zu pr\u00fcfen, wenn uns konkrete Anhaltspunkte f\u00fcr eine rechtswidrige Nutzung bekannt werden. Grundlage f\u00fcr die Datenverarbeitung ist Art. 6 Abs. 1 lit. f DSGVO, der die Verarbeitung von Daten zur Wahrung berechtigter Interessen des Verantwortlichen gestattet, sofern die Interessen oder Grundrechte und Grundfreiheiten des Betroffenen nicht \u00fcberwiegen. 2.6 Datenverarbeitung zur Erf\u00fcllung gesetzlicher VerpflichtungenDar\u00fcber hinaus verarbeiten wir Ihre Daten zur Erf\u00fcllung gesetzlicher Verpflichtungen (z.B. aufsichtsrechtlicher Vorgaben, handels- und steuerrechtlicher Aufbewahrungs- und Nachweispflichten). Grundlage f\u00fcr die Datenverarbeitung ist Art. 6 Abs. 1 lit. c DSGVO, der die Verarbeitung zur Erf\u00fcllung einer rechtlichen Verpflichtung gestattet. 3. Kategorien von Empf\u00e4ngern der personenbezogenen Daten Ihre personenbezogenen Daten werden an Dritte nur weitergegeben oder sonst \u00fcbermittelt, wenn dies zum Zweck der Vertragsabwicklung oder Abrechnung erforderlich ist oder Sie zuvor eingewilligt haben oder eine gesetzliche Grundlage f\u00fcr die Weitergabe besteht.Sofern es zum Zwecke der Vertragsabwicklung oder zur Versendung und Auslieferung von Produkten erforderlich ist, erfolgt eine Datenweitergabe an Partnerunternehmen, welche zur Unterst\u00fctzung der Vertragsabwicklung beauftragt worden sind. Unsere Partner<\/p>\n","protected":false},"author":1,"featured_media":0,"parent":0,"menu_order":0,"comment_status":"closed","ping_status":"closed","template":"elementor_canvas","meta":{"slim_seo":{"title":"Datenschutz - Biotech Energy","description":"Das RECHTLICHE Datenschutz Unser Datenschutz Wir, nehmen den Schutz Ihrer pers\u00f6nlichen Daten sehr ernst. Wir behandeln Ihre personenbezogenen Daten vertraulich"},"footnotes":""},"class_list":["post-2740","page","type-page","status-publish","hentry"],"_links":{"self":[{"href":"https:\/\/biotech-energy.com\/de\/wp-json\/wp\/v2\/pages\/2740","targetHints":{"allow":["GET"]}}],"collection":[{"href":"https:\/\/biotech-energy.com\/de\/wp-json\/wp\/v2\/pages"}],"about":[{"href":"https:\/\/biotech-energy.com\/de\/wp-json\/wp\/v2\/types\/page"}],"author":[{"embeddable":true,"href":"https:\/\/biotech-energy.com\/de\/wp-json\/wp\/v2\/users\/1"}],"replies":[{"embeddable":true,"href":"https:\/\/biotech-energy.com\/de\/wp-json\/wp\/v2\/comments?post=2740"}],"version-history":[{"count":4,"href":"https:\/\/biotech-energy.com\/de\/wp-json\/wp\/v2\/pages\/2740\/revisions"}],"predecessor-version":[{"id":2744,"href":"https:\/\/biotech-energy.com\/de\/wp-json\/wp\/v2\/pages\/2740\/revisions\/2744"}],"wp:attachment":[{"href":"https:\/\/biotech-energy.com\/de\/wp-json\/wp\/v2\/media?parent=2740"}],"curies":[{"name":"wp","href":"https:\/\/api.w.org\/{rel}","templated":true}]}}