{"id":4173,"date":"2023-11-06T14:05:59","date_gmt":"2023-11-06T13:05:59","guid":{"rendered":"https:\/\/biotech-energy.com\/ingrasamant\/"},"modified":"2024-04-10T13:46:06","modified_gmt":"2024-04-10T11:46:06","slug":"ingrasamant","status":"publish","type":"page","link":"https:\/\/biotech-energy.com\/ro\/ingrasamant\/","title":{"rendered":"\u00cengr\u0103\u0219\u0103m\u00e2nt"},"content":{"rendered":"\t\t<div data-elementor-type=\"wp-page\" data-elementor-id=\"4173\" class=\"elementor elementor-4173 elementor-2965\">\n\t\t\t\t\t\t\t\t\t<section class=\"elementor-section elementor-top-section elementor-element elementor-element-f2827fe elementor-section-height-min-height elementor-section-boxed elementor-section-height-default elementor-section-items-middle wpr-particle-no wpr-jarallax-no wpr-parallax-no wpr-sticky-section-no\" data-id=\"f2827fe\" data-element_type=\"section\" data-settings=\"{&quot;background_background&quot;:&quot;classic&quot;}\">\n\t\t\t\t\t\t\t<div class=\"elementor-background-overlay\"><\/div>\n\t\t\t\t\t\t\t<div class=\"elementor-container elementor-column-gap-default\">\n\t\t\t\t\t<div class=\"elementor-column elementor-col-100 elementor-top-column elementor-element elementor-element-797d332\" data-id=\"797d332\" data-element_type=\"column\">\n\t\t\t<div class=\"elementor-widget-wrap elementor-element-populated\">\n\t\t\t\t\t\t\t\t<div class=\"elementor-element elementor-element-a22d1d4 elementor-invisible elementor-widget elementor-widget-heading\" data-id=\"a22d1d4\" data-element_type=\"widget\" data-settings=\"{&quot;_animation&quot;:&quot;fadeInDown&quot;}\" data-widget_type=\"heading.default\">\n\t\t\t\t<div class=\"elementor-widget-container\">\n\t\t\t<style>\/*! elementor - v3.17.0 - 01-11-2023 *\/\n.elementor-heading-title{padding:0;margin:0;line-height:1}.elementor-widget-heading .elementor-heading-title[class*=elementor-size-]>a{color:inherit;font-size:inherit;line-height:inherit}.elementor-widget-heading .elementor-heading-title.elementor-size-small{font-size:15px}.elementor-widget-heading .elementor-heading-title.elementor-size-medium{font-size:19px}.elementor-widget-heading .elementor-heading-title.elementor-size-large{font-size:29px}.elementor-widget-heading .elementor-heading-title.elementor-size-xl{font-size:39px}.elementor-widget-heading .elementor-heading-title.elementor-size-xxl{font-size:59px}<\/style><h1 class=\"elementor-heading-title elementor-size-default\">\u00cengr\u0103\u0219\u0103m\u00e2nt<\/h1>\t\t<\/div>\n\t\t\t\t<\/div>\n\t\t\t\t\t<\/div>\n\t\t<\/div>\n\t\t\t\t\t\t\t<\/div>\n\t\t<\/section>\n\t\t\t\t<section class=\"elementor-section elementor-top-section elementor-element elementor-element-cd1e87a elementor-section-boxed elementor-section-height-default elementor-section-height-default wpr-particle-no wpr-jarallax-no wpr-parallax-no wpr-sticky-section-no elementor-invisible\" data-id=\"cd1e87a\" data-element_type=\"section\" data-settings=\"{&quot;animation&quot;:&quot;zoomIn&quot;}\">\n\t\t\t\t\t\t<div class=\"elementor-container elementor-column-gap-default\">\n\t\t\t\t\t<div class=\"elementor-column elementor-col-100 elementor-top-column elementor-element elementor-element-20414f6 animated-slow elementor-invisible\" data-id=\"20414f6\" data-element_type=\"column\" data-settings=\"{&quot;background_background&quot;:&quot;classic&quot;,&quot;animation&quot;:&quot;fadeIn&quot;}\">\n\t\t\t<div class=\"elementor-widget-wrap elementor-element-populated\">\n\t\t\t\t\t\t\t\t<section class=\"elementor-section elementor-inner-section elementor-element elementor-element-8b4517c elementor-section-boxed elementor-section-height-default elementor-section-height-default wpr-particle-no wpr-jarallax-no wpr-parallax-no wpr-sticky-section-no\" data-id=\"8b4517c\" data-element_type=\"section\">\n\t\t\t\t\t\t<div class=\"elementor-container elementor-column-gap-default\">\n\t\t\t\t\t<div class=\"elementor-column elementor-col-50 elementor-inner-column elementor-element elementor-element-c0b163d\" data-id=\"c0b163d\" data-element_type=\"column\">\n\t\t\t<div class=\"elementor-widget-wrap elementor-element-populated\">\n\t\t\t\t\t\t\t\t<div class=\"elementor-element elementor-element-ccd11ba elementor-widget elementor-widget-heading\" data-id=\"ccd11ba\" data-element_type=\"widget\" data-widget_type=\"heading.default\">\n\t\t\t\t<div class=\"elementor-widget-container\">\n\t\t\t<h2 class=\"elementor-heading-title elementor-size-default\">Pentru plante s\u0103n\u0103toase<\/h2>\t\t<\/div>\n\t\t\t\t<\/div>\n\t\t\t\t<div class=\"elementor-element elementor-element-1db13d2 elementor-widget elementor-widget-text-editor\" data-id=\"1db13d2\" data-element_type=\"widget\" data-widget_type=\"text-editor.default\">\n\t\t\t\t<div class=\"elementor-widget-container\">\n\t\t\t<style>\/*! elementor - v3.17.0 - 01-11-2023 *\/\n.elementor-widget-text-editor.elementor-drop-cap-view-stacked .elementor-drop-cap{background-color:#69727d;color:#fff}.elementor-widget-text-editor.elementor-drop-cap-view-framed .elementor-drop-cap{color:#69727d;border:3px solid;background-color:transparent}.elementor-widget-text-editor:not(.elementor-drop-cap-view-default) .elementor-drop-cap{margin-top:8px}.elementor-widget-text-editor:not(.elementor-drop-cap-view-default) .elementor-drop-cap-letter{width:1em;height:1em}.elementor-widget-text-editor .elementor-drop-cap{float:left;text-align:center;line-height:1;font-size:50px}.elementor-widget-text-editor .elementor-drop-cap-letter{display:inline-block}<\/style>\t\t\t\t<p>\u00cengr\u0103\u0219\u0103m\u00e2nt mineral din reziduuri de fermentare.<\/p>\n\t\t\t\t\t\t<\/div>\n\t\t\t\t<\/div>\n\t\t\t\t\t<\/div>\n\t\t<\/div>\n\t\t\t\t<div class=\"elementor-column elementor-col-50 elementor-inner-column elementor-element elementor-element-efaefd6\" data-id=\"efaefd6\" data-element_type=\"column\">\n\t\t\t<div class=\"elementor-widget-wrap elementor-element-populated\">\n\t\t\t\t\t\t\t\t<div class=\"elementor-element elementor-element-dffeff6 elementor-view-stacked elementor-shape-square elementor-position-left elementor-vertical-align-middle elementor-mobile-position-left elementor-widget elementor-widget-icon-box\" data-id=\"dffeff6\" data-element_type=\"widget\" data-widget_type=\"icon-box.default\">\n\t\t\t\t<div class=\"elementor-widget-container\">\n\t\t\t<link rel=\"stylesheet\" href=\"https:\/\/biotech-energy.com\/wp-content\/uploads\/elementor\/css\/custom-widget-icon-box.min.css?ver=1705960451\">\t\t<div class=\"elementor-icon-box-wrapper\">\n\t\t\t\t\t\t<div class=\"elementor-icon-box-icon\">\n\t\t\t\t<span  class=\"elementor-icon elementor-animation-\">\n\t\t\t\t<i aria-hidden=\"true\" class=\"fas fa-recycle\"><\/i>\t\t\t\t<\/span>\n\t\t\t<\/div>\n\t\t\t\t\t\t<div class=\"elementor-icon-box-content\">\n\t\t\t\t<h3 class=\"elementor-icon-box-title\">\n\t\t\t\t\t<span  >\n\t\t\t\t\t\tCea mai \u00eenalt\u0103 calitate\t\t\t\t\t<\/span>\n\t\t\t\t<\/h3>\n\t\t\t\t\t\t\t<\/div>\n\t\t<\/div>\n\t\t\t\t<\/div>\n\t\t\t\t<\/div>\n\t\t\t\t<div class=\"elementor-element elementor-element-4caa11c elementor-view-stacked elementor-shape-square elementor-position-left elementor-vertical-align-middle elementor-mobile-position-left elementor-widget elementor-widget-icon-box\" data-id=\"4caa11c\" data-element_type=\"widget\" data-widget_type=\"icon-box.default\">\n\t\t\t\t<div class=\"elementor-widget-container\">\n\t\t\t\t\t<div class=\"elementor-icon-box-wrapper\">\n\t\t\t\t\t\t<div class=\"elementor-icon-box-icon\">\n\t\t\t\t<span  class=\"elementor-icon elementor-animation-\">\n\t\t\t\t<i aria-hidden=\"true\" class=\"fas fa-leaf\"><\/i>\t\t\t\t<\/span>\n\t\t\t<\/div>\n\t\t\t\t\t\t<div class=\"elementor-icon-box-content\">\n\t\t\t\t<h3 class=\"elementor-icon-box-title\">\n\t\t\t\t\t<span  >\n\t\t\t\t\t\tProduc\u021bie cu economie de resurse\t\t\t\t\t<\/span>\n\t\t\t\t<\/h3>\n\t\t\t\t\t\t\t<\/div>\n\t\t<\/div>\n\t\t\t\t<\/div>\n\t\t\t\t<\/div>\n\t\t\t\t\t<\/div>\n\t\t<\/div>\n\t\t\t\t\t\t\t<\/div>\n\t\t<\/section>\n\t\t\t\t\t<\/div>\n\t\t<\/div>\n\t\t\t\t\t\t\t<\/div>\n\t\t<\/section>\n\t\t<div class=\"elementor-element elementor-element-6f2690c e-flex e-con-boxed wpr-particle-no wpr-jarallax-no wpr-parallax-no wpr-sticky-section-no e-con e-parent\" data-id=\"6f2690c\" data-element_type=\"container\" data-settings=\"{&quot;content_width&quot;:&quot;boxed&quot;}\" data-core-v316-plus=\"true\">\n\t\t\t\t\t<div class=\"e-con-inner\">\n\t\t<div class=\"elementor-element elementor-element-1ec03a6 e-con-full e-flex wpr-particle-no wpr-jarallax-no wpr-parallax-no wpr-sticky-section-no e-con e-child\" data-id=\"1ec03a6\" data-element_type=\"container\" data-settings=\"{&quot;content_width&quot;:&quot;full&quot;}\">\n\t\t\t\t<div class=\"elementor-element elementor-element-423504c elementor-widget elementor-widget-heading\" data-id=\"423504c\" data-element_type=\"widget\" data-widget_type=\"heading.default\">\n\t\t\t\t<div class=\"elementor-widget-container\">\n\t\t\t<h2 class=\"elementor-heading-title elementor-size-default\">Fertilitatea solului ca factor competitiv<\/h2>\t\t<\/div>\n\t\t\t\t<\/div>\n\t\t\t\t<div class=\"elementor-element elementor-element-2c0a07d elementor-widget elementor-widget-text-editor\" data-id=\"2c0a07d\" data-element_type=\"widget\" data-widget_type=\"text-editor.default\">\n\t\t\t\t<div class=\"elementor-widget-container\">\n\t\t\t\t\t\t\t<p>An de an, agricultura extrage nutrien\u021bi din sol. Acest lucru trebuie s\u0103 fie echilibrat. Acest lucru poate fi realizat prin aplicarea de \u00eengr\u0103\u0219\u0103minte organice-minerale.<\/p>\n<p>Ca totalitate a materiei organice din sol, humusul joac\u0103, de asemenea, un rol fundamental \u00een fertilitatea solului \u0219i \u00een formarea produc\u021biei.<\/p>\n<p>Acest lucru este valabil at\u00e2t pentru agricultura ecologic\u0103, c\u00e2t \u0219i pentru cea integrat\u0103. De\u0219i con\u021binutul de humus este determinat \u00een primul r\u00e2nd de tipul de sol, utilizarea terenurilor arabile are, de asemenea, o influen\u021b\u0103 asupra con\u021binutului de humus. Parametrii decisivi sunt rota\u021bia culturilor, tipul \u0219i intensitatea de lucrare a solului \u0219i cantitatea de fertilizare organic\u0103.<\/p>\n\t\t\t\t\t\t<\/div>\n\t\t\t\t<\/div>\n\t\t\t\t<\/div>\n\t\t<div class=\"elementor-element elementor-element-ceab050 e-con-full e-flex wpr-particle-no wpr-jarallax-no wpr-parallax-no wpr-sticky-section-no e-con e-child\" data-id=\"ceab050\" data-element_type=\"container\" data-settings=\"{&quot;content_width&quot;:&quot;full&quot;}\">\n\t\t\t\t<div class=\"elementor-element elementor-element-a9c9bf8 elementor-widget elementor-widget-image\" data-id=\"a9c9bf8\" data-element_type=\"widget\" data-widget_type=\"image.default\">\n\t\t\t\t<div class=\"elementor-widget-container\">\n\t\t\t<style>\/*! elementor - v3.17.0 - 01-11-2023 *\/\n.elementor-widget-image{text-align:center}.elementor-widget-image a{display:inline-block}.elementor-widget-image a img[src$=\".svg\"]{width:48px}.elementor-widget-image img{vertical-align:middle;display:inline-block}<\/style>\t\t\t\t\t\t\t\t\t\t\t\t<img decoding=\"async\" src=\"https:\/\/biotech.wupperpage.de\/wp-content\/uploads\/2023\/11\/duenger-copy.jpg\" title=\"\" alt=\"\" loading=\"lazy\" \/>\t\t\t\t\t\t\t\t\t\t\t\t\t\t\t<\/div>\n\t\t\t\t<\/div>\n\t\t\t\t<\/div>\n\t\t\t\t\t<\/div>\n\t\t\t\t<\/div>\n\t\t<div class=\"elementor-element elementor-element-cd5521e e-flex e-con-boxed wpr-particle-no wpr-jarallax-no wpr-parallax-no wpr-sticky-section-no e-con e-parent\" data-id=\"cd5521e\" data-element_type=\"container\" data-settings=\"{&quot;content_width&quot;:&quot;boxed&quot;}\" data-core-v316-plus=\"true\">\n\t\t\t\t\t<div class=\"e-con-inner\">\n\t\t\t\t<div class=\"elementor-element elementor-element-032690c elementor-widget elementor-widget-text-editor\" data-id=\"032690c\" data-element_type=\"widget\" data-widget_type=\"text-editor.default\">\n\t\t\t\t<div class=\"elementor-widget-container\">\n\t\t\t\t\t\t\t<p><strong>Pentru o cre\u0219tere s\u0103n\u0103toas\u0103 a plantelor  <\/strong><\/p>\n<p>\u00cengr\u0103\u0219\u0103mintele minerale, cunoscute \u0219i sub denumirea de \u00eengr\u0103\u0219\u0103minte cu nutrien\u021bi minerali, reprezint\u0103 o categorie important\u0103 de \u00eengr\u0103\u0219\u0103minte care sunt utilizate pe scar\u0103 larg\u0103 \u00een agricultur\u0103 \u0219i gr\u0103din\u0103rit. Acest tip de \u00eengr\u0103\u0219\u0103m\u00e2nt ofer\u0103 plantelor mineralele \u0219i nutrien\u021bii esen\u021biali de care au nevoie pentru cre\u0219terea \u0219i dezvoltarea lor. \u00cengr\u0103\u0219\u0103mintele minerale difer\u0103 de \u00eengr\u0103\u0219\u0103mintele organice deoarece con\u021bin compu\u0219i anorganici deriva\u021bi din surse minerale, spre deosebire de \u00eengr\u0103\u0219\u0103mintele organice, care sunt fabricate din materii vegetale sau animale.<\/p>\n<p>\u00cengr\u0103\u0219\u0103mintele minerale con\u021bin, de obicei, principalii nutrien\u021bi azot (N), fosfor (P) \u0219i potasiu (K), care sunt cunoscu\u021bi ca \u00eengr\u0103\u0219\u0103minte NPK. Ace\u0219ti nutrien\u021bi principali sunt esen\u021biali pentru cre\u0219terea plantelor. Azotul favorizeaz\u0103 cre\u0219terea frunzelor \u0219i culoarea verde a plantelor. Fosforul este important pentru dezvoltarea r\u0103d\u0103cinilor \u0219i formarea florilor. Potasiul \u00eent\u0103re\u0219te rezisten\u021ba plantelor la boli \u0219i la factorii de stres.<\/p>\n<p>Pe l\u00e2ng\u0103 principalele substan\u021be nutritive, \u00eengr\u0103\u0219\u0103mintele minerale con\u021bin adesea \u0219i oligoelemente sau micronutrien\u021bi, cum ar fi fierul, manganul, zincul \u0219i borul. Acestea sunt necesare \u00een cantit\u0103\u021bi mici, dar sunt totu\u0219i esen\u021biale pentru o cre\u0219tere s\u0103n\u0103toas\u0103 a plantelor. O deficien\u021b\u0103 a acestor oligoelemente poate duce la anumite boli sau tulbur\u0103ri de cre\u0219tere.<\/p>\n<p>\u00cengr\u0103\u0219\u0103mintele minerale sunt produse din surse minerale naturale sau prin procese chimice. Exemple de \u00eengr\u0103\u0219\u0103minte minerale naturale sunt sulfatul de potasiu, nitratul de calciu \u0219i roca fosfatic\u0103. Aceste materiale sunt exploatate \u0219i prelucrate pentru a produce \u00eengr\u0103\u0219\u0103minte. \u00cengr\u0103\u0219\u0103mintele chimice sunt produse prin sintetizarea unor compu\u0219i anorganici, cum ar fi ureea, nitratul de amoniu \u0219i clorura de potasiu.<\/p>\n<p>Utilizarea \u00eengr\u0103\u0219\u0103mintelor minerale ofer\u0103 mai multe avantaje. \u00cen primul r\u00e2nd, acestea sunt, de obicei, bine echilibrate \u0219i con\u021bin o cantitate definit\u0103 de nutrien\u021bi, ceea ce le permite fermierilor \u0219i gr\u0103dinarilor s\u0103 controleze cu precizie nutri\u021bia plantelor lor. \u00cen al doilea r\u00e2nd, acestea sunt u\u0219or de depozitat \u0219i de transportat. \u00cen al treilea r\u00e2nd, acestea pot fi absorbite rapid de plante, ceea ce duce la rezultate rapide de cre\u0219tere.<\/p>\n<p>\u00cen general, \u00eengr\u0103\u0219\u0103mintele minerale reprezint\u0103 o parte important\u0103 a agriculturii \u0219i gr\u0103din\u0103ritului modern, deoarece ofer\u0103 o modalitate eficient\u0103 de a furniza plantelor substan\u021bele nutritive de care au nevoie pentru a asigura o cre\u0219tere s\u0103n\u0103toas\u0103 \u0219i o recolt\u0103 de \u00eenalt\u0103 calitate.<\/p>\n\t\t\t\t\t\t<\/div>\n\t\t\t\t<\/div>\n\t\t\t\t\t<\/div>\n\t\t\t\t<\/div>\n\t\t<div class=\"elementor-element elementor-element-0e20aeb e-flex e-con-boxed wpr-particle-no wpr-jarallax-no wpr-parallax-no wpr-sticky-section-no elementor-invisible e-con e-parent\" data-id=\"0e20aeb\" data-element_type=\"container\" data-settings=\"{&quot;animation&quot;:&quot;fadeIn&quot;,&quot;content_width&quot;:&quot;boxed&quot;}\" data-core-v316-plus=\"true\">\n\t\t\t\t\t<div class=\"e-con-inner\">\n\t\t\t\t<div class=\"elementor-element elementor-element-73d3aa2 elementor-widget elementor-widget-heading\" data-id=\"73d3aa2\" data-element_type=\"widget\" data-widget_type=\"heading.default\">\n\t\t\t\t<div class=\"elementor-widget-container\">\n\t\t\t<h2 class=\"elementor-heading-title elementor-size-default\">\n\u00cengr\u0103\u0219\u0103m\u00e2nt mineral - \u0219i ce leg\u0103tur\u0103 are acesta cu ENERGIA BIOTEHNIC\u0102?<\/h2>\t\t<\/div>\n\t\t\t\t<\/div>\n\t\t\t\t\t<\/div>\n\t\t\t\t<\/div>\n\t\t<div class=\"elementor-element elementor-element-e3d8f87 e-flex e-con-boxed wpr-particle-no wpr-jarallax-no wpr-parallax-no wpr-sticky-section-no elementor-invisible e-con e-parent\" data-id=\"e3d8f87\" data-element_type=\"container\" data-settings=\"{&quot;animation&quot;:&quot;fadeIn&quot;,&quot;animation_delay&quot;:500,&quot;content_width&quot;:&quot;boxed&quot;}\" data-core-v316-plus=\"true\">\n\t\t\t\t\t<div class=\"e-con-inner\">\n\t\t\t\t<div class=\"elementor-element elementor-element-9ba5a44 elementor-widget elementor-widget-text-editor\" data-id=\"9ba5a44\" data-element_type=\"widget\" data-widget_type=\"text-editor.default\">\n\t\t\t\t<div class=\"elementor-widget-container\">\n\t\t\t\t\t\t\t<p><strong>Digestat ca \u00eengr\u0103\u0219\u0103m\u00e2nt agricol<\/strong><\/p>\n<p>Propria instala\u021bie de biogaz a companiei nu numai c\u0103 produce energia necesar\u0103 pentru uzin\u0103, dar recicleaz\u0103 \u0219i reziduurile de fermenta\u021bie \u00een \u00eengr\u0103\u0219\u0103minte organice \u0219i organic-minerale.<\/p>\n<p>Aceste \u00eengr\u0103\u0219\u0103minte sunt constituite din subproduse agricole \u0219i reziduuri de distilare a plantelor, \u00eendeplinesc cerin\u021be ridicate \u0219i pot fi utilizate ca \u00eengr\u0103\u0219\u0103minte organice. Acestea compenseaz\u0103 deficitul de azot din sol cauzat de cultivarea culturilor arabile \u0219i contribuie la formarea humusului.<\/p>\n<p>Humusul este esen\u021bial pentru fertilitatea solului \u0219i pentru formarea randamentului \u00een agricultura ecologic\u0103 \u0219i integrat\u0103, fiind influen\u021bat de rota\u021bia culturilor, lucr\u0103rile solului \u0219i fertilizarea organic\u0103.<\/p>\n\t\t\t\t\t\t<\/div>\n\t\t\t\t<\/div>\n\t\t\t\t<div class=\"elementor-element elementor-element-e40005d elementor-widget elementor-widget-spacer\" data-id=\"e40005d\" data-element_type=\"widget\" data-widget_type=\"spacer.default\">\n\t\t\t\t<div class=\"elementor-widget-container\">\n\t\t\t<style>\/*! elementor - v3.17.0 - 01-11-2023 *\/\n.elementor-column .elementor-spacer-inner{height:var(--spacer-size)}.e-con{--container-widget-width:100%}.e-con-inner>.elementor-widget-spacer,.e-con>.elementor-widget-spacer{width:var(--container-widget-width,var(--spacer-size));--align-self:var(--container-widget-align-self,initial);--flex-shrink:0}.e-con-inner>.elementor-widget-spacer>.elementor-widget-container,.e-con>.elementor-widget-spacer>.elementor-widget-container{height:100%;width:100%}.e-con-inner>.elementor-widget-spacer>.elementor-widget-container>.elementor-spacer,.e-con>.elementor-widget-spacer>.elementor-widget-container>.elementor-spacer{height:100%}.e-con-inner>.elementor-widget-spacer>.elementor-widget-container>.elementor-spacer>.elementor-spacer-inner,.e-con>.elementor-widget-spacer>.elementor-widget-container>.elementor-spacer>.elementor-spacer-inner{height:var(--container-widget-height,var(--spacer-size))}.e-con-inner>.elementor-widget-spacer.elementor-widget-empty,.e-con>.elementor-widget-spacer.elementor-widget-empty{position:relative;min-height:22px;min-width:22px}.e-con-inner>.elementor-widget-spacer.elementor-widget-empty .elementor-widget-empty-icon,.e-con>.elementor-widget-spacer.elementor-widget-empty .elementor-widget-empty-icon{position:absolute;top:0;bottom:0;left:0;right:0;margin:auto;padding:0;width:22px;height:22px}<\/style>\t\t<div class=\"elementor-spacer\">\n\t\t\t<div class=\"elementor-spacer-inner\"><\/div>\n\t\t<\/div>\n\t\t\t\t<\/div>\n\t\t\t\t<\/div>\n\t\t\t\t\t<\/div>\n\t\t\t\t<\/div>\n\t\t\t\t\t\t\t<\/div>\n\t\t","protected":false},"excerpt":{"rendered":"<p>\u00cengr\u0103\u0219\u0103m\u00e2nt Pentru plante s\u0103n\u0103toase \u00cengr\u0103\u0219\u0103m\u00e2nt mineral din reziduuri de fermentare. Cea mai \u00eenalt\u0103 calitate Produc\u021bie cu economie de resurse Fertilitatea solului ca factor competitiv An de an, agricultura extrage nutrien\u021bi din sol. Acest lucru trebuie s\u0103 fie echilibrat. Acest lucru poate fi realizat prin aplicarea de \u00eengr\u0103\u0219\u0103minte organice-minerale. Ca totalitate a materiei organice din sol, humusul joac\u0103, de asemenea, un rol fundamental \u00een fertilitatea solului \u0219i \u00een formarea produc\u021biei. Acest lucru este valabil at\u00e2t pentru agricultura ecologic\u0103, c\u00e2t \u0219i pentru cea integrat\u0103. De\u0219i con\u021binutul de humus este determinat \u00een primul r\u00e2nd de tipul de sol, utilizarea terenurilor arabile are, de asemenea, o influen\u021b\u0103 asupra con\u021binutului de humus. Parametrii decisivi sunt rota\u021bia culturilor, tipul \u0219i intensitatea de lucrare a solului \u0219i cantitatea de fertilizare organic\u0103. Pentru o cre\u0219tere s\u0103n\u0103toas\u0103 a plantelor \u00cengr\u0103\u0219\u0103mintele minerale, cunoscute \u0219i sub denumirea de \u00eengr\u0103\u0219\u0103minte cu nutrien\u021bi minerali, reprezint\u0103 o categorie important\u0103 de \u00eengr\u0103\u0219\u0103minte care sunt utilizate pe scar\u0103 larg\u0103 \u00een agricultur\u0103 \u0219i gr\u0103din\u0103rit. Acest tip de \u00eengr\u0103\u0219\u0103m\u00e2nt ofer\u0103 plantelor mineralele \u0219i nutrien\u021bii esen\u021biali de care au nevoie pentru cre\u0219terea \u0219i dezvoltarea lor. \u00cengr\u0103\u0219\u0103mintele minerale difer\u0103 de \u00eengr\u0103\u0219\u0103mintele organice deoarece con\u021bin compu\u0219i anorganici deriva\u021bi din surse minerale, spre deosebire de \u00eengr\u0103\u0219\u0103mintele organice, care sunt fabricate din materii vegetale sau animale. \u00cengr\u0103\u0219\u0103mintele minerale con\u021bin, de obicei, principalii nutrien\u021bi azot (N), fosfor (P) \u0219i potasiu (K), care sunt cunoscu\u021bi ca \u00eengr\u0103\u0219\u0103minte NPK. Ace\u0219ti nutrien\u021bi principali sunt esen\u021biali pentru cre\u0219terea plantelor. Azotul favorizeaz\u0103 cre\u0219terea frunzelor \u0219i culoarea verde a plantelor. Fosforul este important pentru dezvoltarea r\u0103d\u0103cinilor \u0219i formarea florilor. Potasiul \u00eent\u0103re\u0219te rezisten\u021ba plantelor la boli \u0219i la factorii de stres. Pe l\u00e2ng\u0103 principalele substan\u021be nutritive, \u00eengr\u0103\u0219\u0103mintele minerale con\u021bin adesea \u0219i oligoelemente sau micronutrien\u021bi, cum ar fi fierul, manganul, zincul \u0219i borul. Acestea sunt necesare \u00een cantit\u0103\u021bi mici, dar sunt totu\u0219i esen\u021biale pentru o cre\u0219tere s\u0103n\u0103toas\u0103 a plantelor. O deficien\u021b\u0103 a acestor oligoelemente poate duce la anumite boli sau tulbur\u0103ri de cre\u0219tere. \u00cengr\u0103\u0219\u0103mintele minerale sunt produse din surse minerale naturale sau prin procese chimice. Exemple de \u00eengr\u0103\u0219\u0103minte minerale naturale sunt sulfatul de potasiu, nitratul de calciu \u0219i roca fosfatic\u0103. Aceste materiale sunt exploatate \u0219i prelucrate pentru a produce \u00eengr\u0103\u0219\u0103minte. \u00cengr\u0103\u0219\u0103mintele chimice sunt produse prin sintetizarea unor compu\u0219i anorganici, cum ar fi ureea, nitratul de amoniu \u0219i clorura de potasiu. Utilizarea \u00eengr\u0103\u0219\u0103mintelor minerale ofer\u0103 mai multe avantaje. \u00cen primul r\u00e2nd, acestea sunt, de obicei, bine echilibrate \u0219i con\u021bin o cantitate definit\u0103 de nutrien\u021bi, ceea ce le permite fermierilor \u0219i gr\u0103dinarilor s\u0103 controleze cu precizie nutri\u021bia plantelor lor. \u00cen al doilea r\u00e2nd, acestea sunt u\u0219or de depozitat \u0219i de transportat. \u00cen al treilea r\u00e2nd, acestea pot fi absorbite rapid de plante, ceea ce duce la rezultate rapide de cre\u0219tere. \u00cen general, \u00eengr\u0103\u0219\u0103mintele minerale reprezint\u0103 o parte important\u0103 a agriculturii \u0219i gr\u0103din\u0103ritului modern, deoarece ofer\u0103 o modalitate eficient\u0103 de a furniza plantelor substan\u021bele nutritive de care au nevoie pentru a asigura o cre\u0219tere s\u0103n\u0103toas\u0103 \u0219i o recolt\u0103 de \u00eenalt\u0103 calitate. \u00cengr\u0103\u0219\u0103m\u00e2nt mineral &#8211; \u0219i ce leg\u0103tur\u0103 are acesta cu ENERGIA BIOTEHNIC\u0102? Digestat ca \u00eengr\u0103\u0219\u0103m\u00e2nt agricol Propria instala\u021bie de biogaz a companiei nu numai c\u0103 produce energia necesar\u0103 pentru uzin\u0103, dar recicleaz\u0103 \u0219i reziduurile de fermenta\u021bie \u00een \u00eengr\u0103\u0219\u0103minte organice \u0219i organic-minerale. Aceste \u00eengr\u0103\u0219\u0103minte sunt constituite din subproduse agricole \u0219i reziduuri de distilare a plantelor, \u00eendeplinesc cerin\u021be ridicate \u0219i pot fi utilizate ca \u00eengr\u0103\u0219\u0103minte organice. Acestea compenseaz\u0103 deficitul de azot din sol cauzat de cultivarea culturilor arabile \u0219i contribuie la formarea humusului. Humusul este esen\u021bial pentru fertilitatea solului \u0219i pentru formarea randamentului \u00een agricultura ecologic\u0103 \u0219i integrat\u0103, fiind influen\u021bat de rota\u021bia culturilor, lucr\u0103rile solului \u0219i fertilizarea organic\u0103.<\/p>\n","protected":false},"author":1,"featured_media":0,"parent":0,"menu_order":0,"comment_status":"closed","ping_status":"closed","template":"elementor_canvas","meta":{"slim_seo":{"title":"\u00cengr\u0103\u0219\u0103m\u00e2nt - Biotech Energy","description":"\u00cengr\u0103\u0219\u0103m\u00e2nt Pentru plante s\u0103n\u0103toase \u00cengr\u0103\u0219\u0103m\u00e2nt mineral din reziduuri de fermentare. Cea mai \u00eenalt\u0103 calitate Produc\u021bie cu economie de resurse Fertilitatea solul"},"footnotes":""},"class_list":["post-4173","page","type-page","status-publish","hentry"],"_links":{"self":[{"href":"https:\/\/biotech-energy.com\/ro\/wp-json\/wp\/v2\/pages\/4173","targetHints":{"allow":["GET"]}}],"collection":[{"href":"https:\/\/biotech-energy.com\/ro\/wp-json\/wp\/v2\/pages"}],"about":[{"href":"https:\/\/biotech-energy.com\/ro\/wp-json\/wp\/v2\/types\/page"}],"author":[{"embeddable":true,"href":"https:\/\/biotech-energy.com\/ro\/wp-json\/wp\/v2\/users\/1"}],"replies":[{"embeddable":true,"href":"https:\/\/biotech-energy.com\/ro\/wp-json\/wp\/v2\/comments?post=4173"}],"version-history":[{"count":3,"href":"https:\/\/biotech-energy.com\/ro\/wp-json\/wp\/v2\/pages\/4173\/revisions"}],"predecessor-version":[{"id":4178,"href":"https:\/\/biotech-energy.com\/ro\/wp-json\/wp\/v2\/pages\/4173\/revisions\/4178"}],"wp:attachment":[{"href":"https:\/\/biotech-energy.com\/ro\/wp-json\/wp\/v2\/media?parent=4173"}],"curies":[{"name":"wp","href":"https:\/\/api.w.org\/{rel}","templated":true}]}}