{"id":4182,"date":"2023-11-08T10:54:59","date_gmt":"2023-11-08T09:54:59","guid":{"rendered":"https:\/\/biotech-energy.com\/imprimare\/"},"modified":"2024-09-13T15:33:24","modified_gmt":"2024-09-13T13:33:24","slug":"imprimare","status":"publish","type":"page","link":"https:\/\/biotech-energy.com\/ro\/imprimare\/","title":{"rendered":"Imprimare"},"content":{"rendered":"\t\t<div data-elementor-type=\"wp-page\" data-elementor-id=\"4182\" class=\"elementor elementor-4182 elementor-2722\">\n\t\t\t\t\t\t\t\t\t<section class=\"elementor-section elementor-top-section elementor-element elementor-element-96b1f8d elementor-section-boxed elementor-section-height-default elementor-section-height-default wpr-particle-no wpr-jarallax-no wpr-parallax-no wpr-sticky-section-no\" data-id=\"96b1f8d\" data-element_type=\"section\" data-settings=\"{&quot;background_background&quot;:&quot;classic&quot;}\">\n\t\t\t\t\t\t\t<div class=\"elementor-background-overlay\"><\/div>\n\t\t\t\t\t\t\t<div class=\"elementor-container elementor-column-gap-default\">\n\t\t\t\t\t<div class=\"elementor-column elementor-col-100 elementor-top-column elementor-element elementor-element-b8e1683\" data-id=\"b8e1683\" data-element_type=\"column\">\n\t\t\t<div class=\"elementor-widget-wrap elementor-element-populated\">\n\t\t\t\t\t\t\t\t<div class=\"elementor-element elementor-element-25d20e1 elementor-widget elementor-widget-heading\" data-id=\"25d20e1\" data-element_type=\"widget\" data-widget_type=\"heading.default\">\n\t\t\t\t<div class=\"elementor-widget-container\">\n\t\t\t<style>\/*! elementor - v3.17.0 - 01-11-2023 *\/\n.elementor-heading-title{padding:0;margin:0;line-height:1}.elementor-widget-heading .elementor-heading-title[class*=elementor-size-]>a{color:inherit;font-size:inherit;line-height:inherit}.elementor-widget-heading .elementor-heading-title.elementor-size-small{font-size:15px}.elementor-widget-heading .elementor-heading-title.elementor-size-medium{font-size:19px}.elementor-widget-heading .elementor-heading-title.elementor-size-large{font-size:29px}.elementor-widget-heading .elementor-heading-title.elementor-size-xl{font-size:39px}.elementor-widget-heading .elementor-heading-title.elementor-size-xxl{font-size:59px}<\/style><h2 class=\"elementor-heading-title elementor-size-default\">LEGAL<\/h2>\t\t<\/div>\n\t\t\t\t<\/div>\n\t\t\t\t<div class=\"elementor-element elementor-element-e2ee10f elementor-widget elementor-widget-heading\" data-id=\"e2ee10f\" data-element_type=\"widget\" data-widget_type=\"heading.default\">\n\t\t\t\t<div class=\"elementor-widget-container\">\n\t\t\t<h2 class=\"elementor-heading-title elementor-size-default\">Imprimare<\/h2>\t\t<\/div>\n\t\t\t\t<\/div>\n\t\t\t\t\t<\/div>\n\t\t<\/div>\n\t\t\t\t\t\t\t<\/div>\n\t\t<\/section>\n\t\t\t\t<section class=\"elementor-section elementor-top-section elementor-element elementor-element-5ae59c7 elementor-section-boxed elementor-section-height-default elementor-section-height-default wpr-particle-no wpr-jarallax-no wpr-parallax-no wpr-sticky-section-no\" data-id=\"5ae59c7\" data-element_type=\"section\">\n\t\t\t\t\t\t<div class=\"elementor-container elementor-column-gap-default\">\n\t\t\t\t\t<div class=\"elementor-column elementor-col-100 elementor-top-column elementor-element elementor-element-dfa61b7\" data-id=\"dfa61b7\" data-element_type=\"column\">\n\t\t\t<div class=\"elementor-widget-wrap elementor-element-populated\">\n\t\t\t\t\t\t\t\t<div class=\"elementor-element elementor-element-7bd5216 elementor-widget elementor-widget-heading\" data-id=\"7bd5216\" data-element_type=\"widget\" data-widget_type=\"heading.default\">\n\t\t\t\t<div class=\"elementor-widget-container\">\n\t\t\t<h2 class=\"elementor-heading-title elementor-size-default\">Amprenta noastr\u0103<\/h2>\t\t<\/div>\n\t\t\t\t<\/div>\n\t\t\t\t<div class=\"elementor-element elementor-element-d28b239 elementor-widget elementor-widget-text-editor\" data-id=\"d28b239\" data-element_type=\"widget\" data-widget_type=\"text-editor.default\">\n\t\t\t\t<div class=\"elementor-widget-container\">\n\t\t\t<style>\/*! elementor - v3.17.0 - 01-11-2023 *\/\n.elementor-widget-text-editor.elementor-drop-cap-view-stacked .elementor-drop-cap{background-color:#69727d;color:#fff}.elementor-widget-text-editor.elementor-drop-cap-view-framed .elementor-drop-cap{color:#69727d;border:3px solid;background-color:transparent}.elementor-widget-text-editor:not(.elementor-drop-cap-view-default) .elementor-drop-cap{margin-top:8px}.elementor-widget-text-editor:not(.elementor-drop-cap-view-default) .elementor-drop-cap-letter{width:1em;height:1em}.elementor-widget-text-editor .elementor-drop-cap{float:left;text-align:center;line-height:1;font-size:50px}.elementor-widget-text-editor .elementor-drop-cap-letter{display:inline-block}<\/style>\t\t\t\t<p><strong>Informa\u021bii \u00een conformitate cu articolul 5 din TMG:<\/strong><\/p><p>Biotech Energy Farm Holding GmbH<br \/>Kronsaalsweg 45<br \/>22525 Hamburg<\/p><p><strong>Telefon<\/strong><br \/>+49 40 429346949<\/p><p><strong>e-mail<\/strong><br \/>info@biotech-energy.com<\/p><p><strong>\u00cenregistrat la<\/strong><br \/>Tribunalul local din Hamburg<br \/>HRB 180058<br \/>Nr. pies\u0103: 45\/708\/02068<br \/>Nr. de identificare TVA.: DE360047930<\/p><p><strong>Director general<\/strong><br \/>Michael Siebold<\/p><p><strong>Solu\u021bionarea<\/strong>litigiilor <strong><br \/>Comisia European\u0103 pune la dispozi\u021bie o platform\u0103 pentru solu\u021bionarea online a litigiilor (OS): https:\/\/ec.europa.eu\/consumers\/odr.<\/strong><br \/>Pute\u021bi g\u0103si adresa noastr\u0103 de e-mail \u00een anun\u021bul juridic de mai sus.<\/p><p>Nu suntem dispu\u0219i sau obliga\u021bi s\u0103 particip\u0103m la procedurile de solu\u021bionare a litigiilor \u00een fa\u021ba unei comisii de arbitraj pentru consumatori.<\/p><p><strong>R\u0103spunderea pentru con\u021binut<br \/><\/strong>Con\u021binutul site-ului nostru a fost creat cu cea mai mare aten\u021bie. Cu toate acestea, nu ne putem asuma nicio r\u0103spundere pentru acurate\u021bea, caracterul complet \u0219i actualizat al con\u021binutului. \u00cen calitate de furnizor de servicii, suntem r\u0103spunz\u0103tori \u00een conformitate cu \u00a7 7 alin.1 TMG este responsabil pentru con\u021binutul propriu de pe aceste pagini, \u00een conformitate cu legile generale. Cu toate acestea, \u00een conformitate cu \u00a7\u00a7 8-10 TMG, noi, \u00een calitate de furnizor de servicii, nu suntem obliga\u021bi s\u0103 monitoriz\u0103m informa\u021biile transmise sau stocate de ter\u021bi sau s\u0103 investig\u0103m circumstan\u021bele care indic\u0103 o activitate ilegal\u0103. Obliga\u021biile de a elimina sau de a bloca utilizarea informa\u021biilor \u00een conformitate cu legile generale nu sunt afectate de acest lucru. Cu toate acestea, r\u0103spunderea \u00een acest sens este posibil\u0103 numai din momentul \u00een care se ia cuno\u0219tin\u021b\u0103 de o anumit\u0103 \u00eenc\u0103lcare. De \u00eendat\u0103 ce vom lua cuno\u0219tin\u021b\u0103 de astfel de \u00eenc\u0103lc\u0103ri, vom elimina imediat acest con\u021binut.<\/p><p><strong>R\u0103spunderea pentru linkuri<br \/><\/strong>Site-ul nostru con\u021bine linkuri c\u0103tre site-uri externe ale unor ter\u021be p\u0103r\u021bi asupra con\u021binutului c\u0103rora nu avem nicio influen\u021b\u0103. Prin urmare, nu ne putem asuma nicio r\u0103spundere pentru acest con\u021binut ter\u021b. Furnizorul sau operatorul respectiv al paginilor este \u00eentotdeauna responsabil pentru con\u021binutul paginilor legate. Paginile cu linkuri au fost verificate pentru posibile \u00eenc\u0103lc\u0103ri legale \u00een momentul cre\u0103rii linkurilor. Con\u021binuturile ilegale nu au fost recunoscute \u00een momentul cre\u0103rii link-ului. Cu toate acestea, monitorizarea permanent\u0103 a con\u021binutului paginilor legate nu este rezonabil\u0103 \u00een lipsa unor dovezi concrete ale unei \u00eenc\u0103lc\u0103ri. \u00cen cazul \u00een care lu\u0103m cuno\u0219tin\u021b\u0103 de orice \u00eenc\u0103lcare a legii, vom elimina imediat aceste link-uri.<\/p><p><strong>Drepturi<\/strong>de autor <strong><br \/>Con\u021binutul \u0219i lucr\u0103rile create de operatorii site-ului pe aceste pagini sunt supuse legisla\u021biei germane privind drepturile de autor.<\/strong> Reproducerea, prelucrarea, distribuirea \u0219i orice form\u0103 de comercializare a unui astfel de material dincolo de sfera de aplicare a legii drepturilor de autor necesit\u0103 acordul prealabil scris al autorului sau creatorului respectiv. Desc\u0103rc\u0103rile \u0219i copiile de pe acest site sunt permise numai pentru uz privat, necomercial. \u00cen m\u0103sura \u00een care con\u021binutul acestui site nu a fost creat de c\u0103tre operator, sunt respectate drepturile de autor ale ter\u021bilor. \u00cen special, con\u021binutul ter\u021bilor este identificat ca atare. \u00cen cazul \u00een care, cu toate acestea, lua\u021bi cuno\u0219tin\u021b\u0103 de o \u00eenc\u0103lcare a drepturilor de autor, v\u0103 rug\u0103m s\u0103 ne informa\u021bi \u00een consecin\u021b\u0103. \u00cen cazul \u00een care lu\u0103m cuno\u0219tin\u021b\u0103 de orice \u00eenc\u0103lcare, vom elimina imediat con\u021binutul respectiv.<\/p><p><strong>Sursa imaginii<\/strong>: <a href=\"https:\/\/www.freepik.com\/\" target=\"_blank\" rel=\"noopener\">Freepik<\/a><\/p><p><strong>Surse:<\/strong> <a href=\"https:\/\/www.e-recht24.de\/muster-disclaimer.htm\" target=\"_blank\" rel=\"noopener\">Declara\u021bie de exonerare de r\u0103spundere eRecht24<\/a><\/p>\t\t\t\t\t\t<\/div>\n\t\t\t\t<\/div>\n\t\t\t\t\t<\/div>\n\t\t<\/div>\n\t\t\t\t\t\t\t<\/div>\n\t\t<\/section>\n\t\t\t\t\t\t\t<\/div>\n\t\t","protected":false},"excerpt":{"rendered":"<p>LEGAL Imprimare Amprenta noastr\u0103 Informa\u021bii \u00een conformitate cu articolul 5 din TMG: Biotech Energy Farm Holding GmbHKronsaalsweg 4522525 Hamburg Telefon+49 40 429346949 e-mailinfo@biotech-energy.com \u00cenregistrat laTribunalul local din HamburgHRB 180058Nr. pies\u0103: 45\/708\/02068Nr. de identificare TVA.: DE360047930 Director generalMichael Siebold Solu\u021bionarealitigiilor Comisia European\u0103 pune la dispozi\u021bie o platform\u0103 pentru solu\u021bionarea online a litigiilor (OS): https:\/\/ec.europa.eu\/consumers\/odr.Pute\u021bi g\u0103si adresa noastr\u0103 de e-mail \u00een anun\u021bul juridic de mai sus. Nu suntem dispu\u0219i sau obliga\u021bi s\u0103 particip\u0103m la procedurile de solu\u021bionare a litigiilor \u00een fa\u021ba unei comisii de arbitraj pentru consumatori. R\u0103spunderea pentru con\u021binutCon\u021binutul site-ului nostru a fost creat cu cea mai mare aten\u021bie. Cu toate acestea, nu ne putem asuma nicio r\u0103spundere pentru acurate\u021bea, caracterul complet \u0219i actualizat al con\u021binutului. \u00cen calitate de furnizor de servicii, suntem r\u0103spunz\u0103tori \u00een conformitate cu \u00a7 7 alin.1 TMG este responsabil pentru con\u021binutul propriu de pe aceste pagini, \u00een conformitate cu legile generale. Cu toate acestea, \u00een conformitate cu \u00a7\u00a7 8-10 TMG, noi, \u00een calitate de furnizor de servicii, nu suntem obliga\u021bi s\u0103 monitoriz\u0103m informa\u021biile transmise sau stocate de ter\u021bi sau s\u0103 investig\u0103m circumstan\u021bele care indic\u0103 o activitate ilegal\u0103. Obliga\u021biile de a elimina sau de a bloca utilizarea informa\u021biilor \u00een conformitate cu legile generale nu sunt afectate de acest lucru. Cu toate acestea, r\u0103spunderea \u00een acest sens este posibil\u0103 numai din momentul \u00een care se ia cuno\u0219tin\u021b\u0103 de o anumit\u0103 \u00eenc\u0103lcare. De \u00eendat\u0103 ce vom lua cuno\u0219tin\u021b\u0103 de astfel de \u00eenc\u0103lc\u0103ri, vom elimina imediat acest con\u021binut. R\u0103spunderea pentru linkuriSite-ul nostru con\u021bine linkuri c\u0103tre site-uri externe ale unor ter\u021be p\u0103r\u021bi asupra con\u021binutului c\u0103rora nu avem nicio influen\u021b\u0103. Prin urmare, nu ne putem asuma nicio r\u0103spundere pentru acest con\u021binut ter\u021b. Furnizorul sau operatorul respectiv al paginilor este \u00eentotdeauna responsabil pentru con\u021binutul paginilor legate. Paginile cu linkuri au fost verificate pentru posibile \u00eenc\u0103lc\u0103ri legale \u00een momentul cre\u0103rii linkurilor. Con\u021binuturile ilegale nu au fost recunoscute \u00een momentul cre\u0103rii link-ului. Cu toate acestea, monitorizarea permanent\u0103 a con\u021binutului paginilor legate nu este rezonabil\u0103 \u00een lipsa unor dovezi concrete ale unei \u00eenc\u0103lc\u0103ri. \u00cen cazul \u00een care lu\u0103m cuno\u0219tin\u021b\u0103 de orice \u00eenc\u0103lcare a legii, vom elimina imediat aceste link-uri. Drepturide autor Con\u021binutul \u0219i lucr\u0103rile create de operatorii site-ului pe aceste pagini sunt supuse legisla\u021biei germane privind drepturile de autor. Reproducerea, prelucrarea, distribuirea \u0219i orice form\u0103 de comercializare a unui astfel de material dincolo de sfera de aplicare a legii drepturilor de autor necesit\u0103 acordul prealabil scris al autorului sau creatorului respectiv. Desc\u0103rc\u0103rile \u0219i copiile de pe acest site sunt permise numai pentru uz privat, necomercial. \u00cen m\u0103sura \u00een care con\u021binutul acestui site nu a fost creat de c\u0103tre operator, sunt respectate drepturile de autor ale ter\u021bilor. \u00cen special, con\u021binutul ter\u021bilor este identificat ca atare. \u00cen cazul \u00een care, cu toate acestea, lua\u021bi cuno\u0219tin\u021b\u0103 de o \u00eenc\u0103lcare a drepturilor de autor, v\u0103 rug\u0103m s\u0103 ne informa\u021bi \u00een consecin\u021b\u0103. \u00cen cazul \u00een care lu\u0103m cuno\u0219tin\u021b\u0103 de orice \u00eenc\u0103lcare, vom elimina imediat con\u021binutul respectiv. Sursa imaginii: Freepik Surse: Declara\u021bie de exonerare de r\u0103spundere eRecht24<\/p>\n","protected":false},"author":1,"featured_media":0,"parent":0,"menu_order":0,"comment_status":"closed","ping_status":"closed","template":"elementor_canvas","meta":{"slim_seo":{"title":"Imprimare - Biotech Energy","description":"LEGAL Imprimare Amprenta noastr\u0103 Informa\u021bii \u00een conformitate cu articolul 5 din TMG: Biotech Energy Farm Holding GmbH Kronsaalsweg 45 22525 Hamburg Telefon +49 4"},"footnotes":""},"class_list":["post-4182","page","type-page","status-publish","hentry"],"_links":{"self":[{"href":"https:\/\/biotech-energy.com\/ro\/wp-json\/wp\/v2\/pages\/4182","targetHints":{"allow":["GET"]}}],"collection":[{"href":"https:\/\/biotech-energy.com\/ro\/wp-json\/wp\/v2\/pages"}],"about":[{"href":"https:\/\/biotech-energy.com\/ro\/wp-json\/wp\/v2\/types\/page"}],"author":[{"embeddable":true,"href":"https:\/\/biotech-energy.com\/ro\/wp-json\/wp\/v2\/users\/1"}],"replies":[{"embeddable":true,"href":"https:\/\/biotech-energy.com\/ro\/wp-json\/wp\/v2\/comments?post=4182"}],"version-history":[{"count":6,"href":"https:\/\/biotech-energy.com\/ro\/wp-json\/wp\/v2\/pages\/4182\/revisions"}],"predecessor-version":[{"id":4823,"href":"https:\/\/biotech-energy.com\/ro\/wp-json\/wp\/v2\/pages\/4182\/revisions\/4823"}],"wp:attachment":[{"href":"https:\/\/biotech-energy.com\/ro\/wp-json\/wp\/v2\/media?parent=4182"}],"curies":[{"name":"wp","href":"https:\/\/api.w.org\/{rel}","templated":true}]}}